{"id":2,"date":"2022-01-17T19:00:39","date_gmt":"2022-01-17T19:00:39","guid":{"rendered":"https:\/\/eyp.com.ar\/es\/?page_id=2"},"modified":"2022-07-26T23:11:15","modified_gmt":"2022-07-27T02:11:15","slug":"servicios-2","status":"publish","type":"page","link":"https:\/\/eyp.com.ar\/es\/servicios-2\/","title":{"rendered":"Carpas"},"content":{"rendered":"<p><span style=\"font-size: 14pt; font-family: 'trebuchet ms', geneva, sans-serif;\">Contamos para su disposici\u00f3n, alquileres de carpas, escenarios, vallas, ba\u00f1os qu\u00edmicos, y m\u00e1s. Nos adaptamos a las medidas que necesite.<\/span><\/p>\n","protected":false},"excerpt":{"rendered":"<p>Contamos para su disposici\u00f3n, alquileres de carpas, escenarios, vallas, ba\u00f1os qu\u00edmicos, y m\u00e1s. Nos adaptamos a las medidas que necesite.<\/p>\n","protected":false},"author":1,"featured_media":2149,"parent":0,"menu_order":0,"comment_status":"closed","ping_status":"closed","template":"","meta":{"_joinchat":[],"footnotes":""},"class_list":["post-2","page","type-page","status-publish","has-post-thumbnail","hentry"],"yoast_head":"<!-- This site is optimized with the Yoast SEO plugin v27.4 - https:\/\/yoast.com\/product\/yoast-seo-wordpress\/ -->\n<title>Carpas - Eventos Paran\u00e1<\/title>\n<meta name=\"robots\" content=\"index, follow, max-snippet:-1, max-image-preview:large, max-video-preview:-1\" \/>\n<link rel=\"canonical\" href=\"https:\/\/eyp.com.ar\/es\/servicios-2\/\" \/>\n<meta property=\"og:locale\" content=\"es_ES\" \/>\n<meta property=\"og:type\" content=\"article\" \/>\n<meta property=\"og:title\" content=\"Carpas - Eventos Paran\u00e1\" \/>\n<meta property=\"og:description\" content=\"Contamos para su disposici\u00f3n, alquileres de carpas, escenarios, vallas, ba\u00f1os qu\u00edmicos, y m\u00e1s. Nos adaptamos a las medidas que necesite.\" \/>\n<meta property=\"og:url\" content=\"https:\/\/eyp.com.ar\/es\/servicios-2\/\" \/>\n<meta property=\"og:site_name\" content=\"Eventos Paran\u00e1\" \/>\n<meta property=\"article:modified_time\" content=\"2022-07-27T02:11:15+00:00\" \/>\n<meta property=\"og:image\" content=\"https:\/\/eyp.com.ar\/es\/wp-content\/uploads\/2022\/07\/WhatsApp-Image-2022-07-25-at-12.35.49-PM.jpeg\" \/>\n\t<meta property=\"og:image:width\" content=\"1600\" \/>\n\t<meta property=\"og:image:height\" content=\"900\" \/>\n\t<meta property=\"og:image:type\" content=\"image\/jpeg\" \/>\n<meta name=\"twitter:card\" content=\"summary_large_image\" \/>\n<meta name=\"twitter:label1\" content=\"Tiempo de lectura\" \/>\n\t<meta name=\"twitter:data1\" content=\"1 minuto\" \/>\n<script type=\"application\/ld+json\" class=\"yoast-schema-graph\">{\"@context\":\"https:\\\/\\\/schema.org\",\"@graph\":[{\"@type\":\"WebPage\",\"@id\":\"https:\\\/\\\/eyp.com.ar\\\/es\\\/servicios-2\\\/\",\"url\":\"https:\\\/\\\/eyp.com.ar\\\/es\\\/servicios-2\\\/\",\"name\":\"Carpas - Eventos Paran\u00e1\",\"isPartOf\":{\"@id\":\"https:\\\/\\\/eyp.com.ar\\\/es\\\/#website\"},\"primaryImageOfPage\":{\"@id\":\"https:\\\/\\\/eyp.com.ar\\\/es\\\/servicios-2\\\/#primaryimage\"},\"image\":{\"@id\":\"https:\\\/\\\/eyp.com.ar\\\/es\\\/servicios-2\\\/#primaryimage\"},\"thumbnailUrl\":\"https:\\\/\\\/eyp.com.ar\\\/es\\\/wp-content\\\/uploads\\\/2022\\\/07\\\/WhatsApp-Image-2022-07-25-at-12.35.49-PM.jpeg\",\"datePublished\":\"2022-01-17T19:00:39+00:00\",\"dateModified\":\"2022-07-27T02:11:15+00:00\",\"breadcrumb\":{\"@id\":\"https:\\\/\\\/eyp.com.ar\\\/es\\\/servicios-2\\\/#breadcrumb\"},\"inLanguage\":\"es\",\"potentialAction\":[{\"@type\":\"ReadAction\",\"target\":[\"https:\\\/\\\/eyp.com.ar\\\/es\\\/servicios-2\\\/\"]}]},{\"@type\":\"ImageObject\",\"inLanguage\":\"es\",\"@id\":\"https:\\\/\\\/eyp.com.ar\\\/es\\\/servicios-2\\\/#primaryimage\",\"url\":\"https:\\\/\\\/eyp.com.ar\\\/es\\\/wp-content\\\/uploads\\\/2022\\\/07\\\/WhatsApp-Image-2022-07-25-at-12.35.49-PM.jpeg\",\"contentUrl\":\"https:\\\/\\\/eyp.com.ar\\\/es\\\/wp-content\\\/uploads\\\/2022\\\/07\\\/WhatsApp-Image-2022-07-25-at-12.35.49-PM.jpeg\",\"width\":1600,\"height\":900},{\"@type\":\"BreadcrumbList\",\"@id\":\"https:\\\/\\\/eyp.com.ar\\\/es\\\/servicios-2\\\/#breadcrumb\",\"itemListElement\":[{\"@type\":\"ListItem\",\"position\":1,\"name\":\"Portada\",\"item\":\"https:\\\/\\\/eyp.com.ar\\\/es\\\/\"},{\"@type\":\"ListItem\",\"position\":2,\"name\":\"Carpas\"}]},{\"@type\":\"WebSite\",\"@id\":\"https:\\\/\\\/eyp.com.ar\\\/es\\\/#website\",\"url\":\"https:\\\/\\\/eyp.com.ar\\\/es\\\/\",\"name\":\"Eventos Paran\u00e1\",\"description\":\"Carpas estructurales en Paran\u00e1\",\"publisher\":{\"@id\":\"https:\\\/\\\/eyp.com.ar\\\/es\\\/#organization\"},\"potentialAction\":[{\"@type\":\"SearchAction\",\"target\":{\"@type\":\"EntryPoint\",\"urlTemplate\":\"https:\\\/\\\/eyp.com.ar\\\/es\\\/?s={search_term_string}\"},\"query-input\":{\"@type\":\"PropertyValueSpecification\",\"valueRequired\":true,\"valueName\":\"search_term_string\"}}],\"inLanguage\":\"es\"},{\"@type\":\"Organization\",\"@id\":\"https:\\\/\\\/eyp.com.ar\\\/es\\\/#organization\",\"name\":\"Eventos Paran\u00e1\",\"url\":\"https:\\\/\\\/eyp.com.ar\\\/es\\\/\",\"logo\":{\"@type\":\"ImageObject\",\"inLanguage\":\"es\",\"@id\":\"https:\\\/\\\/eyp.com.ar\\\/es\\\/#\\\/schema\\\/logo\\\/image\\\/\",\"url\":\"https:\\\/\\\/eyp.com.ar\\\/es\\\/wp-content\\\/uploads\\\/2022\\\/01\\\/Logo-Nuevo-Eventos-Parana-1536x1310-1.png\",\"contentUrl\":\"https:\\\/\\\/eyp.com.ar\\\/es\\\/wp-content\\\/uploads\\\/2022\\\/01\\\/Logo-Nuevo-Eventos-Parana-1536x1310-1.png\",\"width\":1536,\"height\":1310,\"caption\":\"Eventos Paran\u00e1\"},\"image\":{\"@id\":\"https:\\\/\\\/eyp.com.ar\\\/es\\\/#\\\/schema\\\/logo\\\/image\\\/\"}}]}<\/script>\n<!-- \/ Yoast SEO plugin. -->","yoast_head_json":{"title":"Carpas - Eventos Paran\u00e1","robots":{"index":"index","follow":"follow","max-snippet":"max-snippet:-1","max-image-preview":"max-image-preview:large","max-video-preview":"max-video-preview:-1"},"canonical":"https:\/\/eyp.com.ar\/es\/servicios-2\/","og_locale":"es_ES","og_type":"article","og_title":"Carpas - Eventos Paran\u00e1","og_description":"Contamos para su disposici\u00f3n, alquileres de carpas, escenarios, vallas, ba\u00f1os qu\u00edmicos, y m\u00e1s. Nos adaptamos a las medidas que necesite.","og_url":"https:\/\/eyp.com.ar\/es\/servicios-2\/","og_site_name":"Eventos Paran\u00e1","article_modified_time":"2022-07-27T02:11:15+00:00","og_image":[{"width":1600,"height":900,"url":"https:\/\/eyp.com.ar\/es\/wp-content\/uploads\/2022\/07\/WhatsApp-Image-2022-07-25-at-12.35.49-PM.jpeg","type":"image\/jpeg"}],"twitter_card":"summary_large_image","twitter_misc":{"Tiempo de lectura":"1 minuto"},"schema":{"@context":"https:\/\/schema.org","@graph":[{"@type":"WebPage","@id":"https:\/\/eyp.com.ar\/es\/servicios-2\/","url":"https:\/\/eyp.com.ar\/es\/servicios-2\/","name":"Carpas - Eventos Paran\u00e1","isPartOf":{"@id":"https:\/\/eyp.com.ar\/es\/#website"},"primaryImageOfPage":{"@id":"https:\/\/eyp.com.ar\/es\/servicios-2\/#primaryimage"},"image":{"@id":"https:\/\/eyp.com.ar\/es\/servicios-2\/#primaryimage"},"thumbnailUrl":"https:\/\/eyp.com.ar\/es\/wp-content\/uploads\/2022\/07\/WhatsApp-Image-2022-07-25-at-12.35.49-PM.jpeg","datePublished":"2022-01-17T19:00:39+00:00","dateModified":"2022-07-27T02:11:15+00:00","breadcrumb":{"@id":"https:\/\/eyp.com.ar\/es\/servicios-2\/#breadcrumb"},"inLanguage":"es","potentialAction":[{"@type":"ReadAction","target":["https:\/\/eyp.com.ar\/es\/servicios-2\/"]}]},{"@type":"ImageObject","inLanguage":"es","@id":"https:\/\/eyp.com.ar\/es\/servicios-2\/#primaryimage","url":"https:\/\/eyp.com.ar\/es\/wp-content\/uploads\/2022\/07\/WhatsApp-Image-2022-07-25-at-12.35.49-PM.jpeg","contentUrl":"https:\/\/eyp.com.ar\/es\/wp-content\/uploads\/2022\/07\/WhatsApp-Image-2022-07-25-at-12.35.49-PM.jpeg","width":1600,"height":900},{"@type":"BreadcrumbList","@id":"https:\/\/eyp.com.ar\/es\/servicios-2\/#breadcrumb","itemListElement":[{"@type":"ListItem","position":1,"name":"Portada","item":"https:\/\/eyp.com.ar\/es\/"},{"@type":"ListItem","position":2,"name":"Carpas"}]},{"@type":"WebSite","@id":"https:\/\/eyp.com.ar\/es\/#website","url":"https:\/\/eyp.com.ar\/es\/","name":"Eventos Paran\u00e1","description":"Carpas estructurales en Paran\u00e1","publisher":{"@id":"https:\/\/eyp.com.ar\/es\/#organization"},"potentialAction":[{"@type":"SearchAction","target":{"@type":"EntryPoint","urlTemplate":"https:\/\/eyp.com.ar\/es\/?s={search_term_string}"},"query-input":{"@type":"PropertyValueSpecification","valueRequired":true,"valueName":"search_term_string"}}],"inLanguage":"es"},{"@type":"Organization","@id":"https:\/\/eyp.com.ar\/es\/#organization","name":"Eventos Paran\u00e1","url":"https:\/\/eyp.com.ar\/es\/","logo":{"@type":"ImageObject","inLanguage":"es","@id":"https:\/\/eyp.com.ar\/es\/#\/schema\/logo\/image\/","url":"https:\/\/eyp.com.ar\/es\/wp-content\/uploads\/2022\/01\/Logo-Nuevo-Eventos-Parana-1536x1310-1.png","contentUrl":"https:\/\/eyp.com.ar\/es\/wp-content\/uploads\/2022\/01\/Logo-Nuevo-Eventos-Parana-1536x1310-1.png","width":1536,"height":1310,"caption":"Eventos Paran\u00e1"},"image":{"@id":"https:\/\/eyp.com.ar\/es\/#\/schema\/logo\/image\/"}}]}},"_links":{"self":[{"href":"https:\/\/eyp.com.ar\/es\/wp-json\/wp\/v2\/pages\/2","targetHints":{"allow":["GET"]}}],"collection":[{"href":"https:\/\/eyp.com.ar\/es\/wp-json\/wp\/v2\/pages"}],"about":[{"href":"https:\/\/eyp.com.ar\/es\/wp-json\/wp\/v2\/types\/page"}],"author":[{"embeddable":true,"href":"https:\/\/eyp.com.ar\/es\/wp-json\/wp\/v2\/users\/1"}],"replies":[{"embeddable":true,"href":"https:\/\/eyp.com.ar\/es\/wp-json\/wp\/v2\/comments?post=2"}],"version-history":[{"count":7,"href":"https:\/\/eyp.com.ar\/es\/wp-json\/wp\/v2\/pages\/2\/revisions"}],"predecessor-version":[{"id":90,"href":"https:\/\/eyp.com.ar\/es\/wp-json\/wp\/v2\/pages\/2\/revisions\/90"}],"wp:featuredmedia":[{"embeddable":true,"href":"https:\/\/eyp.com.ar\/es\/wp-json\/wp\/v2\/media\/2149"}],"wp:attachment":[{"href":"https:\/\/eyp.com.ar\/es\/wp-json\/wp\/v2\/media?parent=2"}],"curies":[{"name":"wp","href":"https:\/\/api.w.org\/{rel}","templated":true}]}}