{"id":268,"date":"2022-01-31T18:47:56","date_gmt":"2022-01-31T18:47:56","guid":{"rendered":"https:\/\/eyp.com.ar\/es\/?page_id=268"},"modified":"2023-05-11T16:53:06","modified_gmt":"2023-05-11T19:53:06","slug":"constructora","status":"publish","type":"page","link":"https:\/\/eyp.com.ar\/es\/constructora\/","title":{"rendered":"CANTERA Y RIPIO"},"content":{"rendered":"\t\t<div data-elementor-type=\"wp-page\" data-elementor-id=\"268\" class=\"elementor elementor-268\">\n\t\t\t\t\t\t<section class=\"elementor-section elementor-top-section elementor-element elementor-element-2f52a25 elementor-section-boxed elementor-section-height-default elementor-section-height-default\" data-id=\"2f52a25\" data-element_type=\"section\" data-e-type=\"section\">\n\t\t\t\t\t\t<div class=\"elementor-container elementor-column-gap-default\">\n\t\t\t\t\t<div class=\"elementor-column elementor-col-100 elementor-top-column elementor-element elementor-element-639a45b\" data-id=\"639a45b\" data-element_type=\"column\" data-e-type=\"column\">\n\t\t\t<div class=\"elementor-widget-wrap elementor-element-populated\">\n\t\t\t\t\t\t<div class=\"elementor-element elementor-element-fe95a99 elementor-widget elementor-widget-spacer\" data-id=\"fe95a99\" data-element_type=\"widget\" data-e-type=\"widget\" data-widget_type=\"spacer.default\">\n\t\t\t\t<div class=\"elementor-widget-container\">\n\t\t\t\t\t\t\t<div class=\"elementor-spacer\">\n\t\t\t<div class=\"elementor-spacer-inner\"><\/div>\n\t\t<\/div>\n\t\t\t\t\t\t<\/div>\n\t\t\t\t<\/div>\n\t\t\t\t\t<\/div>\n\t\t<\/div>\n\t\t\t\t\t<\/div>\n\t\t<\/section>\n\t\t\t\t<section class=\"elementor-section elementor-top-section elementor-element elementor-element-bb99174 elementor-section-boxed elementor-section-height-default elementor-section-height-default\" data-id=\"bb99174\" data-element_type=\"section\" data-e-type=\"section\">\n\t\t\t\t\t\t<div class=\"elementor-container elementor-column-gap-default\">\n\t\t\t\t\t<div class=\"elementor-column elementor-col-100 elementor-top-column elementor-element elementor-element-c60d17d\" data-id=\"c60d17d\" data-element_type=\"column\" data-e-type=\"column\">\n\t\t\t<div class=\"elementor-widget-wrap elementor-element-populated\">\n\t\t\t\t\t\t<div class=\"elementor-element elementor-element-5b4425d eael-dual-header-content-align-center elementor-widget elementor-widget-eael-dual-color-header\" data-id=\"5b4425d\" data-element_type=\"widget\" data-e-type=\"widget\" data-widget_type=\"eael-dual-color-header.default\">\n\t\t\t\t<div class=\"elementor-widget-container\">\n\t\t\t\t\t\t\t\t<div class=\"eael-dual-header\">\n\t\t\t\t<h2 class=\"title eael-dch-title\"><span class=\"eael-dch-title-text eael-dch-title-lead lead solid-color\">CANTERA Y<\/span> <span class=\"eael-dch-title-text\">RIPIO<\/span><\/h2>\t\t\t\t\t<span class=\"subtext\"><p>A ra\u00edz del cumplimiento eficaz con los clientes, la empresa ha evolucionado incorporando una nueva unidad dirigida a estructuras permanentes, obras civiles, viales, comercializaci\u00f3n de materiales, suelto calc\u00e1reo, piedra y m\u00e1s.<\/p><\/span>\n\t\t\t\t\t\t\t<\/div>\n\n\t\t\t\t\t\t<\/div>\n\t\t\t\t<\/div>\n\t\t\t\t\t<\/div>\n\t\t<\/div>\n\t\t\t\t\t<\/div>\n\t\t<\/section>\n\t\t\t\t<section class=\"elementor-section elementor-top-section elementor-element elementor-element-c880390 elementor-section-boxed elementor-section-height-default elementor-section-height-default\" data-id=\"c880390\" data-element_type=\"section\" data-e-type=\"section\">\n\t\t\t\t\t\t<div class=\"elementor-container elementor-column-gap-default\">\n\t\t\t\t\t<div class=\"elementor-column elementor-col-33 elementor-top-column elementor-element elementor-element-663b166\" data-id=\"663b166\" data-element_type=\"column\" data-e-type=\"column\">\n\t\t\t<div class=\"elementor-widget-wrap elementor-element-populated\">\n\t\t\t\t\t\t<div class=\"elementor-element elementor-element-db53888 elementor-widget elementor-widget-image\" data-id=\"db53888\" data-element_type=\"widget\" data-e-type=\"widget\" data-widget_type=\"image.default\">\n\t\t\t\t<div class=\"elementor-widget-container\">\n\t\t\t\t\t\t\t\t\t\t\t\t\t\t\t<img fetchpriority=\"high\" decoding=\"async\" width=\"640\" height=\"541\" src=\"https:\/\/eyp.com.ar\/es\/wp-content\/uploads\/2022\/08\/Ripio.png\" class=\"attachment-large size-large wp-image-2245\" alt=\"\" srcset=\"https:\/\/eyp.com.ar\/es\/wp-content\/uploads\/2022\/08\/Ripio.png 672w, https:\/\/eyp.com.ar\/es\/wp-content\/uploads\/2022\/08\/Ripio-300x254.png 300w\" sizes=\"(max-width: 640px) 100vw, 640px\" \/>\t\t\t\t\t\t\t\t\t\t\t\t\t\t\t<\/div>\n\t\t\t\t<\/div>\n\t\t\t\t\t<\/div>\n\t\t<\/div>\n\t\t\t\t<div class=\"elementor-column elementor-col-33 elementor-top-column elementor-element elementor-element-84f7285\" data-id=\"84f7285\" data-element_type=\"column\" data-e-type=\"column\">\n\t\t\t<div class=\"elementor-widget-wrap elementor-element-populated\">\n\t\t\t\t\t\t<div class=\"elementor-element elementor-element-23f8594 elementor-widget elementor-widget-image\" data-id=\"23f8594\" data-element_type=\"widget\" data-e-type=\"widget\" data-widget_type=\"image.default\">\n\t\t\t\t<div class=\"elementor-widget-container\">\n\t\t\t\t\t\t\t\t\t\t\t\t\t\t\t<img decoding=\"async\" width=\"561\" height=\"399\" src=\"https:\/\/eyp.com.ar\/es\/wp-content\/uploads\/2022\/01\/obras2.png\" class=\"attachment-large size-large wp-image-277\" alt=\"\" srcset=\"https:\/\/eyp.com.ar\/es\/wp-content\/uploads\/2022\/01\/obras2.png 561w, https:\/\/eyp.com.ar\/es\/wp-content\/uploads\/2022\/01\/obras2-300x213.png 300w\" sizes=\"(max-width: 561px) 100vw, 561px\" \/>\t\t\t\t\t\t\t\t\t\t\t\t\t\t\t<\/div>\n\t\t\t\t<\/div>\n\t\t\t\t\t<\/div>\n\t\t<\/div>\n\t\t\t\t<div class=\"elementor-column elementor-col-33 elementor-top-column elementor-element elementor-element-c0703c4\" data-id=\"c0703c4\" data-element_type=\"column\" data-e-type=\"column\">\n\t\t\t<div class=\"elementor-widget-wrap elementor-element-populated\">\n\t\t\t\t\t\t<div class=\"elementor-element elementor-element-7a822a8 elementor-widget elementor-widget-image\" data-id=\"7a822a8\" data-element_type=\"widget\" data-e-type=\"widget\" data-widget_type=\"image.default\">\n\t\t\t\t<div class=\"elementor-widget-container\">\n\t\t\t\t\t\t\t\t\t\t\t\t\t\t\t<img decoding=\"async\" width=\"664\" height=\"400\" src=\"https:\/\/eyp.com.ar\/es\/wp-content\/uploads\/2022\/08\/Sin-titulo-3.png\" class=\"attachment-1536x1536 size-1536x1536 wp-image-2253\" alt=\"\" srcset=\"https:\/\/eyp.com.ar\/es\/wp-content\/uploads\/2022\/08\/Sin-titulo-3.png 664w, https:\/\/eyp.com.ar\/es\/wp-content\/uploads\/2022\/08\/Sin-titulo-3-300x181.png 300w\" sizes=\"(max-width: 664px) 100vw, 664px\" \/>\t\t\t\t\t\t\t\t\t\t\t\t\t\t\t<\/div>\n\t\t\t\t<\/div>\n\t\t\t\t\t<\/div>\n\t\t<\/div>\n\t\t\t\t\t<\/div>\n\t\t<\/section>\n\t\t\t\t<section class=\"elementor-section elementor-top-section elementor-element elementor-element-54df5d3 elementor-section-boxed elementor-section-height-default elementor-section-height-default\" data-id=\"54df5d3\" data-element_type=\"section\" data-e-type=\"section\">\n\t\t\t\t\t\t<div class=\"elementor-container elementor-column-gap-default\">\n\t\t\t\t\t<div class=\"elementor-column elementor-col-33 elementor-top-column elementor-element elementor-element-99ba6e8\" data-id=\"99ba6e8\" data-element_type=\"column\" data-e-type=\"column\">\n\t\t\t<div class=\"elementor-widget-wrap elementor-element-populated\">\n\t\t\t\t\t\t<div class=\"elementor-element elementor-element-e62f017 elementor-widget elementor-widget-text-editor\" data-id=\"e62f017\" data-element_type=\"widget\" data-e-type=\"widget\" data-widget_type=\"text-editor.default\">\n\t\t\t\t<div class=\"elementor-widget-container\">\n\t\t\t\t\t\t\t\t\t<p><span style=\"font-size: 12pt; font-family: helvetica, arial, sans-serif;\"><strong>E y P S.R.L,<\/strong> es representada por la explotaci\u00f3n de brosa, piedra partida negra y ripio.<\/span><\/p><p><span style=\"font-family: helvetica, arial, sans-serif; font-size: 12pt;\">La Empresa ampli\u00f3 su actividad, dedic\u00e1ndose al rubro construcciones y obras viales, no solo brindando la posibilidad del alquiler de equipos viales para la realizaci\u00f3n de los proyectos, sino que tambi\u00e9n contamos con profesionales especializados que pueden acompa\u00f1ar el proceso de obra, anteproyecto, direcci\u00f3n de obra, comercializaci\u00f3n de materiales, etc.<\/span><\/p>\t\t\t\t\t\t\t\t<\/div>\n\t\t\t\t<\/div>\n\t\t\t\t\t<\/div>\n\t\t<\/div>\n\t\t\t\t<div class=\"elementor-column elementor-col-33 elementor-top-column elementor-element elementor-element-26ad6dd\" data-id=\"26ad6dd\" data-element_type=\"column\" data-e-type=\"column\">\n\t\t\t<div class=\"elementor-widget-wrap elementor-element-populated\">\n\t\t\t\t\t\t<div class=\"elementor-element elementor-element-58a2b99 elementor-widget elementor-widget-text-editor\" data-id=\"58a2b99\" data-element_type=\"widget\" data-e-type=\"widget\" data-widget_type=\"text-editor.default\">\n\t\t\t\t<div class=\"elementor-widget-container\">\n\t\t\t\t\t\t\t\t\t<p>Actualmente nuestra Empresa SYP S.R.L, cuenta con un equipo de profesionales, t\u00e9cnicos, dedicados<br \/>a los rubros ingenier\u00eda, construcci\u00f3n, mec\u00e1nica, electricidad, entre otros, que acompa\u00f1an al cliente en la<br \/>realizaci\u00f3n de los proyectos.<\/p>\t\t\t\t\t\t\t\t<\/div>\n\t\t\t\t<\/div>\n\t\t\t\t\t<\/div>\n\t\t<\/div>\n\t\t\t\t<div class=\"elementor-column elementor-col-33 elementor-top-column elementor-element elementor-element-a0cb963\" data-id=\"a0cb963\" data-element_type=\"column\" data-e-type=\"column\">\n\t\t\t<div class=\"elementor-widget-wrap elementor-element-populated\">\n\t\t\t\t\t\t<div class=\"elementor-element elementor-element-442e8a0 elementor-widget elementor-widget-text-editor\" data-id=\"442e8a0\" data-element_type=\"widget\" data-e-type=\"widget\" data-widget_type=\"text-editor.default\">\n\t\t\t\t<div class=\"elementor-widget-container\">\n\t\t\t\t\t\t\t\t\t<p><span style=\"font-size: 14pt;\">Brindamos diversos servicios en el rubro de la construcci\u00f3n, tanto de obras civiles como viales y todo tipo de proyectos profesionales.<\/span><\/p><p><span style=\"font-size: 14pt;\">Ofrecemos un anteproyecto, direcci\u00f3n de obra, comercializaci\u00f3n de materiales y soluciones espec\u00edficas a cada necesidad del cliente.<\/span><\/p>\t\t\t\t\t\t\t\t<\/div>\n\t\t\t\t<\/div>\n\t\t\t\t\t<\/div>\n\t\t<\/div>\n\t\t\t\t\t<\/div>\n\t\t<\/section>\n\t\t\t\t<section class=\"elementor-section elementor-top-section elementor-element elementor-element-99bdce2 elementor-section-boxed elementor-section-height-default elementor-section-height-default\" data-id=\"99bdce2\" data-element_type=\"section\" data-e-type=\"section\">\n\t\t\t\t\t\t<div class=\"elementor-container elementor-column-gap-default\">\n\t\t\t\t\t<div class=\"elementor-column elementor-col-100 elementor-top-column elementor-element elementor-element-67a2dce\" data-id=\"67a2dce\" data-element_type=\"column\" data-e-type=\"column\">\n\t\t\t<div class=\"elementor-widget-wrap elementor-element-populated\">\n\t\t\t\t\t\t<div class=\"elementor-element elementor-element-f10a371 elementor-widget elementor-widget-eael-creative-button\" data-id=\"f10a371\" data-element_type=\"widget\" data-e-type=\"widget\" data-widget_type=\"eael-creative-button.default\">\n\t\t\t\t<div class=\"elementor-widget-container\">\n\t\t\t\t\t        <div class=\"eael-creative-button-wrapper\">\n\n            <a class=\"eael-creative-button eael-creative-button--tamaya eael-cb-icon-position-\" href=\"https:\/\/api.whatsapp.com\/send\/?phone=5493434406605&#038;text=Hola%21+Eventos+Paran%C3%A1+necesito+informaci%C3%B3n+sobre+Contacto&#038;type=phone_number&#038;app_absent=0\" data-text=\"HABLEMOS\">\n            \t                <div class=\"eael-creative-button--tamaya-secondary eael-creative-button--tamaya-before\"><span>HABLEMOS<\/span><\/div>\n        \n                <div class=\"creative-button-inner\">\n\n                    \n                    <span class=\"cretive-button-text\">CONTACTO<\/span>\n\n                                    <\/div>\n\t                                <div class=\"eael-creative-button--tamaya-secondary eael-creative-button--tamaya-after\"><span>HABLEMOS<\/span><\/div>\n\t                        <\/a>\n        <\/div>\n        \t\t\t\t<\/div>\n\t\t\t\t<\/div>\n\t\t\t\t\t<\/div>\n\t\t<\/div>\n\t\t\t\t\t<\/div>\n\t\t<\/section>\n\t\t\t\t<\/div>\n\t\t","protected":false},"excerpt":{"rendered":"<p>CANTERA Y RIPIO A ra\u00edz del cumplimiento eficaz con los clientes, la empresa ha evolucionado incorporando una nueva unidad dirigida a estructuras permanentes, obras civiles,&hellip;<\/p>\n","protected":false},"author":1,"featured_media":0,"parent":0,"menu_order":0,"comment_status":"closed","ping_status":"closed","template":"elementor_header_footer","meta":{"_joinchat":[],"footnotes":""},"class_list":["post-268","page","type-page","status-publish","hentry"],"yoast_head":"<!-- This site is optimized with the Yoast SEO plugin v27.4 - https:\/\/yoast.com\/product\/yoast-seo-wordpress\/ -->\n<title>CANTERA Y RIPIO - Eventos Paran\u00e1<\/title>\n<meta name=\"robots\" content=\"index, follow, max-snippet:-1, max-image-preview:large, max-video-preview:-1\" \/>\n<link rel=\"canonical\" href=\"https:\/\/eyp.com.ar\/es\/constructora\/\" \/>\n<meta property=\"og:locale\" content=\"es_ES\" \/>\n<meta property=\"og:type\" content=\"article\" \/>\n<meta property=\"og:title\" content=\"CANTERA Y RIPIO - Eventos Paran\u00e1\" \/>\n<meta property=\"og:description\" content=\"CANTERA Y RIPIO A ra\u00edz del cumplimiento eficaz con los clientes, la empresa ha evolucionado incorporando una nueva unidad dirigida a estructuras permanentes, obras civiles,&hellip;\" \/>\n<meta property=\"og:url\" content=\"https:\/\/eyp.com.ar\/es\/constructora\/\" \/>\n<meta property=\"og:site_name\" content=\"Eventos Paran\u00e1\" \/>\n<meta property=\"article:modified_time\" content=\"2023-05-11T19:53:06+00:00\" \/>\n<meta property=\"og:image\" content=\"https:\/\/eyp.com.ar\/es\/wp-content\/uploads\/2022\/08\/Ripio.png\" \/>\n<meta name=\"twitter:card\" content=\"summary_large_image\" \/>\n<meta name=\"twitter:label1\" content=\"Tiempo de lectura\" \/>\n\t<meta name=\"twitter:data1\" content=\"2 minutos\" \/>\n<script type=\"application\/ld+json\" class=\"yoast-schema-graph\">{\"@context\":\"https:\\\/\\\/schema.org\",\"@graph\":[{\"@type\":\"WebPage\",\"@id\":\"https:\\\/\\\/eyp.com.ar\\\/es\\\/constructora\\\/\",\"url\":\"https:\\\/\\\/eyp.com.ar\\\/es\\\/constructora\\\/\",\"name\":\"CANTERA Y RIPIO - Eventos Paran\u00e1\",\"isPartOf\":{\"@id\":\"https:\\\/\\\/eyp.com.ar\\\/es\\\/#website\"},\"primaryImageOfPage\":{\"@id\":\"https:\\\/\\\/eyp.com.ar\\\/es\\\/constructora\\\/#primaryimage\"},\"image\":{\"@id\":\"https:\\\/\\\/eyp.com.ar\\\/es\\\/constructora\\\/#primaryimage\"},\"thumbnailUrl\":\"https:\\\/\\\/eyp.com.ar\\\/es\\\/wp-content\\\/uploads\\\/2022\\\/08\\\/Ripio.png\",\"datePublished\":\"2022-01-31T18:47:56+00:00\",\"dateModified\":\"2023-05-11T19:53:06+00:00\",\"breadcrumb\":{\"@id\":\"https:\\\/\\\/eyp.com.ar\\\/es\\\/constructora\\\/#breadcrumb\"},\"inLanguage\":\"es\",\"potentialAction\":[{\"@type\":\"ReadAction\",\"target\":[\"https:\\\/\\\/eyp.com.ar\\\/es\\\/constructora\\\/\"]}]},{\"@type\":\"ImageObject\",\"inLanguage\":\"es\",\"@id\":\"https:\\\/\\\/eyp.com.ar\\\/es\\\/constructora\\\/#primaryimage\",\"url\":\"https:\\\/\\\/eyp.com.ar\\\/es\\\/wp-content\\\/uploads\\\/2022\\\/08\\\/Ripio.png\",\"contentUrl\":\"https:\\\/\\\/eyp.com.ar\\\/es\\\/wp-content\\\/uploads\\\/2022\\\/08\\\/Ripio.png\",\"width\":672,\"height\":568},{\"@type\":\"BreadcrumbList\",\"@id\":\"https:\\\/\\\/eyp.com.ar\\\/es\\\/constructora\\\/#breadcrumb\",\"itemListElement\":[{\"@type\":\"ListItem\",\"position\":1,\"name\":\"Portada\",\"item\":\"https:\\\/\\\/eyp.com.ar\\\/es\\\/\"},{\"@type\":\"ListItem\",\"position\":2,\"name\":\"CANTERA Y RIPIO\"}]},{\"@type\":\"WebSite\",\"@id\":\"https:\\\/\\\/eyp.com.ar\\\/es\\\/#website\",\"url\":\"https:\\\/\\\/eyp.com.ar\\\/es\\\/\",\"name\":\"Eventos Paran\u00e1\",\"description\":\"Carpas estructurales en Paran\u00e1\",\"publisher\":{\"@id\":\"https:\\\/\\\/eyp.com.ar\\\/es\\\/#organization\"},\"potentialAction\":[{\"@type\":\"SearchAction\",\"target\":{\"@type\":\"EntryPoint\",\"urlTemplate\":\"https:\\\/\\\/eyp.com.ar\\\/es\\\/?s={search_term_string}\"},\"query-input\":{\"@type\":\"PropertyValueSpecification\",\"valueRequired\":true,\"valueName\":\"search_term_string\"}}],\"inLanguage\":\"es\"},{\"@type\":\"Organization\",\"@id\":\"https:\\\/\\\/eyp.com.ar\\\/es\\\/#organization\",\"name\":\"Eventos Paran\u00e1\",\"url\":\"https:\\\/\\\/eyp.com.ar\\\/es\\\/\",\"logo\":{\"@type\":\"ImageObject\",\"inLanguage\":\"es\",\"@id\":\"https:\\\/\\\/eyp.com.ar\\\/es\\\/#\\\/schema\\\/logo\\\/image\\\/\",\"url\":\"https:\\\/\\\/eyp.com.ar\\\/es\\\/wp-content\\\/uploads\\\/2022\\\/01\\\/Logo-Nuevo-Eventos-Parana-1536x1310-1.png\",\"contentUrl\":\"https:\\\/\\\/eyp.com.ar\\\/es\\\/wp-content\\\/uploads\\\/2022\\\/01\\\/Logo-Nuevo-Eventos-Parana-1536x1310-1.png\",\"width\":1536,\"height\":1310,\"caption\":\"Eventos Paran\u00e1\"},\"image\":{\"@id\":\"https:\\\/\\\/eyp.com.ar\\\/es\\\/#\\\/schema\\\/logo\\\/image\\\/\"}}]}<\/script>\n<!-- \/ Yoast SEO plugin. -->","yoast_head_json":{"title":"CANTERA Y RIPIO - Eventos Paran\u00e1","robots":{"index":"index","follow":"follow","max-snippet":"max-snippet:-1","max-image-preview":"max-image-preview:large","max-video-preview":"max-video-preview:-1"},"canonical":"https:\/\/eyp.com.ar\/es\/constructora\/","og_locale":"es_ES","og_type":"article","og_title":"CANTERA Y RIPIO - Eventos Paran\u00e1","og_description":"CANTERA Y RIPIO A ra\u00edz del cumplimiento eficaz con los clientes, la empresa ha evolucionado incorporando una nueva unidad dirigida a estructuras permanentes, obras civiles,&hellip;","og_url":"https:\/\/eyp.com.ar\/es\/constructora\/","og_site_name":"Eventos Paran\u00e1","article_modified_time":"2023-05-11T19:53:06+00:00","og_image":[{"url":"https:\/\/eyp.com.ar\/es\/wp-content\/uploads\/2022\/08\/Ripio.png","type":"","width":"","height":""}],"twitter_card":"summary_large_image","twitter_misc":{"Tiempo de lectura":"2 minutos"},"schema":{"@context":"https:\/\/schema.org","@graph":[{"@type":"WebPage","@id":"https:\/\/eyp.com.ar\/es\/constructora\/","url":"https:\/\/eyp.com.ar\/es\/constructora\/","name":"CANTERA Y RIPIO - Eventos Paran\u00e1","isPartOf":{"@id":"https:\/\/eyp.com.ar\/es\/#website"},"primaryImageOfPage":{"@id":"https:\/\/eyp.com.ar\/es\/constructora\/#primaryimage"},"image":{"@id":"https:\/\/eyp.com.ar\/es\/constructora\/#primaryimage"},"thumbnailUrl":"https:\/\/eyp.com.ar\/es\/wp-content\/uploads\/2022\/08\/Ripio.png","datePublished":"2022-01-31T18:47:56+00:00","dateModified":"2023-05-11T19:53:06+00:00","breadcrumb":{"@id":"https:\/\/eyp.com.ar\/es\/constructora\/#breadcrumb"},"inLanguage":"es","potentialAction":[{"@type":"ReadAction","target":["https:\/\/eyp.com.ar\/es\/constructora\/"]}]},{"@type":"ImageObject","inLanguage":"es","@id":"https:\/\/eyp.com.ar\/es\/constructora\/#primaryimage","url":"https:\/\/eyp.com.ar\/es\/wp-content\/uploads\/2022\/08\/Ripio.png","contentUrl":"https:\/\/eyp.com.ar\/es\/wp-content\/uploads\/2022\/08\/Ripio.png","width":672,"height":568},{"@type":"BreadcrumbList","@id":"https:\/\/eyp.com.ar\/es\/constructora\/#breadcrumb","itemListElement":[{"@type":"ListItem","position":1,"name":"Portada","item":"https:\/\/eyp.com.ar\/es\/"},{"@type":"ListItem","position":2,"name":"CANTERA Y RIPIO"}]},{"@type":"WebSite","@id":"https:\/\/eyp.com.ar\/es\/#website","url":"https:\/\/eyp.com.ar\/es\/","name":"Eventos Paran\u00e1","description":"Carpas estructurales en Paran\u00e1","publisher":{"@id":"https:\/\/eyp.com.ar\/es\/#organization"},"potentialAction":[{"@type":"SearchAction","target":{"@type":"EntryPoint","urlTemplate":"https:\/\/eyp.com.ar\/es\/?s={search_term_string}"},"query-input":{"@type":"PropertyValueSpecification","valueRequired":true,"valueName":"search_term_string"}}],"inLanguage":"es"},{"@type":"Organization","@id":"https:\/\/eyp.com.ar\/es\/#organization","name":"Eventos Paran\u00e1","url":"https:\/\/eyp.com.ar\/es\/","logo":{"@type":"ImageObject","inLanguage":"es","@id":"https:\/\/eyp.com.ar\/es\/#\/schema\/logo\/image\/","url":"https:\/\/eyp.com.ar\/es\/wp-content\/uploads\/2022\/01\/Logo-Nuevo-Eventos-Parana-1536x1310-1.png","contentUrl":"https:\/\/eyp.com.ar\/es\/wp-content\/uploads\/2022\/01\/Logo-Nuevo-Eventos-Parana-1536x1310-1.png","width":1536,"height":1310,"caption":"Eventos Paran\u00e1"},"image":{"@id":"https:\/\/eyp.com.ar\/es\/#\/schema\/logo\/image\/"}}]}},"_links":{"self":[{"href":"https:\/\/eyp.com.ar\/es\/wp-json\/wp\/v2\/pages\/268","targetHints":{"allow":["GET"]}}],"collection":[{"href":"https:\/\/eyp.com.ar\/es\/wp-json\/wp\/v2\/pages"}],"about":[{"href":"https:\/\/eyp.com.ar\/es\/wp-json\/wp\/v2\/types\/page"}],"author":[{"embeddable":true,"href":"https:\/\/eyp.com.ar\/es\/wp-json\/wp\/v2\/users\/1"}],"replies":[{"embeddable":true,"href":"https:\/\/eyp.com.ar\/es\/wp-json\/wp\/v2\/comments?post=268"}],"version-history":[{"count":75,"href":"https:\/\/eyp.com.ar\/es\/wp-json\/wp\/v2\/pages\/268\/revisions"}],"predecessor-version":[{"id":2760,"href":"https:\/\/eyp.com.ar\/es\/wp-json\/wp\/v2\/pages\/268\/revisions\/2760"}],"wp:attachment":[{"href":"https:\/\/eyp.com.ar\/es\/wp-json\/wp\/v2\/media?parent=268"}],"curies":[{"name":"wp","href":"https:\/\/api.w.org\/{rel}","templated":true}]}}