{"id":2725,"date":"2023-04-24T17:57:59","date_gmt":"2023-04-24T20:57:59","guid":{"rendered":"https:\/\/eyp.com.ar\/es\/?page_id=2725"},"modified":"2023-04-24T17:59:33","modified_gmt":"2023-04-24T20:59:33","slug":"banos-quimicos","status":"publish","type":"page","link":"https:\/\/eyp.com.ar\/es\/banos-quimicos\/","title":{"rendered":"BA\u00d1OS QUIMICOS"},"content":{"rendered":"\t\t<div data-elementor-type=\"wp-page\" data-elementor-id=\"2725\" class=\"elementor elementor-2725\">\n\t\t\t\t\t\t<section class=\"elementor-section elementor-top-section elementor-element elementor-element-678a3f4 elementor-section-boxed elementor-section-height-default elementor-section-height-default\" data-id=\"678a3f4\" data-element_type=\"section\" data-e-type=\"section\">\n\t\t\t\t\t\t<div class=\"elementor-container elementor-column-gap-default\">\n\t\t\t\t\t<div class=\"elementor-column elementor-col-100 elementor-top-column elementor-element elementor-element-ed50a35\" data-id=\"ed50a35\" data-element_type=\"column\" data-e-type=\"column\">\n\t\t\t<div class=\"elementor-widget-wrap elementor-element-populated\">\n\t\t\t\t\t\t<div class=\"elementor-element elementor-element-98cefea eael-dual-header-content-align-center elementor-widget elementor-widget-eael-dual-color-header\" data-id=\"98cefea\" data-element_type=\"widget\" data-e-type=\"widget\" data-widget_type=\"eael-dual-color-header.default\">\n\t\t\t\t<div class=\"elementor-widget-container\">\n\t\t\t\t\t\t\t\t<div class=\"eael-dual-header\">\n\t\t\t\t<h2 class=\"title eael-dch-title\"><span class=\"eael-dch-title-text eael-dch-title-lead lead solid-color\">BA\u00d1OS<\/span> <span class=\"eael-dch-title-text\">QUIMICOS<\/span><\/h2>\t\t\t\t\t<span class=\"subtext\"><p style=\"text-align: center\">Dentro de la Empresa, \u00e9ste es el \u00e1rea espec\u00edfica que se encarga a todo lo referido a los eventos, brindando a nuestros clientes, no solo el servicio de alquiler de carpas estructurales y ba\u00f1os qu\u00edmicos, sino todos los accesorios a los mismos, como ser las vallas, escenarios, alfombras, mobiliario, y todo equipamiento que el cliente requiera para que su evento no falle.<\/p><p>Contamos con sanitarios de Fibra de Vidrio, Pl\u00e1stico, para personas con capacidades motrices disminuidas, hasta Ba\u00f1os con Lavamanos incluidos y Luz integrada. Los usos mas comunes son en plazas, ferias, obras en construcci\u00f3n y fiestas.<\/p><\/span>\n\t\t\t\t\t\t\t<\/div>\n\n\t\t\t\t\t\t<\/div>\n\t\t\t\t<\/div>\n\t\t\t\t\t<\/div>\n\t\t<\/div>\n\t\t\t\t\t<\/div>\n\t\t<\/section>\n\t\t\t\t<section class=\"elementor-section elementor-top-section elementor-element elementor-element-cac4514 elementor-section-boxed elementor-section-height-default elementor-section-height-default\" data-id=\"cac4514\" data-element_type=\"section\" data-e-type=\"section\">\n\t\t\t\t\t\t<div class=\"elementor-container elementor-column-gap-default\">\n\t\t\t\t\t<div class=\"elementor-column elementor-col-33 elementor-top-column elementor-element elementor-element-fb3ffe4\" data-id=\"fb3ffe4\" data-element_type=\"column\" data-e-type=\"column\">\n\t\t\t<div class=\"elementor-widget-wrap elementor-element-populated\">\n\t\t\t\t\t\t<div class=\"elementor-element elementor-element-f2daed8 elementor-widget elementor-widget-image\" data-id=\"f2daed8\" data-element_type=\"widget\" data-e-type=\"widget\" data-widget_type=\"image.default\">\n\t\t\t\t<div class=\"elementor-widget-container\">\n\t\t\t\t\t\t\t\t\t\t\t\t\t\t\t\t<a href=\"https:\/\/eyp.com.ar\/es\/wp-content\/uploads\/2022\/02\/ac54d2cd-e64a-44ed-b7e1-116bdde02ba6-768x432-1.jpg\" data-elementor-open-lightbox=\"yes\" data-e-action-hash=\"#elementor-action%3Aaction%3Dlightbox%26settings%3DeyJpZCI6MzUyLCJ1cmwiOiJodHRwczpcL1wvZXlwLmNvbS5hclwvZXNcL3dwLWNvbnRlbnRcL3VwbG9hZHNcLzIwMjJcLzAyXC9hYzU0ZDJjZC1lNjRhLTQ0ZWQtYjdlMS0xMTZiZGRlMDJiYTYtNzY4eDQzMi0xLmpwZyJ9\">\n\t\t\t\t\t\t\t<img fetchpriority=\"high\" decoding=\"async\" width=\"640\" height=\"360\" src=\"https:\/\/eyp.com.ar\/es\/wp-content\/uploads\/2022\/02\/ac54d2cd-e64a-44ed-b7e1-116bdde02ba6-768x432-1.jpg\" class=\"attachment-large size-large wp-image-352\" alt=\"\" srcset=\"https:\/\/eyp.com.ar\/es\/wp-content\/uploads\/2022\/02\/ac54d2cd-e64a-44ed-b7e1-116bdde02ba6-768x432-1.jpg 768w, https:\/\/eyp.com.ar\/es\/wp-content\/uploads\/2022\/02\/ac54d2cd-e64a-44ed-b7e1-116bdde02ba6-768x432-1-300x169.jpg 300w\" sizes=\"(max-width: 640px) 100vw, 640px\" \/>\t\t\t\t\t\t\t\t<\/a>\n\t\t\t\t\t\t\t\t\t\t\t\t\t\t\t<\/div>\n\t\t\t\t<\/div>\n\t\t\t\t\t<\/div>\n\t\t<\/div>\n\t\t\t\t<div class=\"elementor-column elementor-col-33 elementor-top-column elementor-element elementor-element-e68fe3d\" data-id=\"e68fe3d\" data-element_type=\"column\" data-e-type=\"column\">\n\t\t\t<div class=\"elementor-widget-wrap elementor-element-populated\">\n\t\t\t\t\t\t<div class=\"elementor-element elementor-element-35dec44 elementor-widget elementor-widget-image\" data-id=\"35dec44\" data-element_type=\"widget\" data-e-type=\"widget\" data-widget_type=\"image.default\">\n\t\t\t\t<div class=\"elementor-widget-container\">\n\t\t\t\t\t\t\t\t\t\t\t\t\t\t\t\t<a href=\"https:\/\/eyp.com.ar\/es\/wp-content\/uploads\/2022\/02\/banos-eventos-768x535-1.jpg\" data-elementor-open-lightbox=\"yes\" data-e-action-hash=\"#elementor-action%3Aaction%3Dlightbox%26settings%3DeyJpZCI6MzUzLCJ1cmwiOiJodHRwczpcL1wvZXlwLmNvbS5hclwvZXNcL3dwLWNvbnRlbnRcL3VwbG9hZHNcLzIwMjJcLzAyXC9iYW5vcy1ldmVudG9zLTc2OHg1MzUtMS5qcGcifQ%3D%3D\">\n\t\t\t\t\t\t\t<img decoding=\"async\" width=\"640\" height=\"446\" src=\"https:\/\/eyp.com.ar\/es\/wp-content\/uploads\/2022\/02\/banos-eventos-768x535-1.jpg\" class=\"attachment-large size-large wp-image-353\" alt=\"\" srcset=\"https:\/\/eyp.com.ar\/es\/wp-content\/uploads\/2022\/02\/banos-eventos-768x535-1.jpg 768w, https:\/\/eyp.com.ar\/es\/wp-content\/uploads\/2022\/02\/banos-eventos-768x535-1-300x209.jpg 300w\" sizes=\"(max-width: 640px) 100vw, 640px\" \/>\t\t\t\t\t\t\t\t<\/a>\n\t\t\t\t\t\t\t\t\t\t\t\t\t\t\t<\/div>\n\t\t\t\t<\/div>\n\t\t\t\t\t<\/div>\n\t\t<\/div>\n\t\t\t\t<div class=\"elementor-column elementor-col-33 elementor-top-column elementor-element elementor-element-e2402c6\" data-id=\"e2402c6\" data-element_type=\"column\" data-e-type=\"column\">\n\t\t\t<div class=\"elementor-widget-wrap elementor-element-populated\">\n\t\t\t\t\t\t<div class=\"elementor-element elementor-element-0f12d1b elementor-widget elementor-widget-image\" data-id=\"0f12d1b\" data-element_type=\"widget\" data-e-type=\"widget\" data-widget_type=\"image.default\">\n\t\t\t\t<div class=\"elementor-widget-container\">\n\t\t\t\t\t\t\t\t\t\t\t\t\t\t\t\t<a href=\"https:\/\/eyp.com.ar\/es\/wp-content\/uploads\/2022\/02\/c1c9ef92-e778-4cb0-84f1-4d421aac1af8-768x432-1.jpg\" data-elementor-open-lightbox=\"yes\" data-e-action-hash=\"#elementor-action%3Aaction%3Dlightbox%26settings%3DeyJpZCI6MzU0LCJ1cmwiOiJodHRwczpcL1wvZXlwLmNvbS5hclwvZXNcL3dwLWNvbnRlbnRcL3VwbG9hZHNcLzIwMjJcLzAyXC9jMWM5ZWY5Mi1lNzc4LTRjYjAtODRmMS00ZDQyMWFhYzFhZjgtNzY4eDQzMi0xLmpwZyJ9\">\n\t\t\t\t\t\t\t<img decoding=\"async\" width=\"640\" height=\"360\" src=\"https:\/\/eyp.com.ar\/es\/wp-content\/uploads\/2022\/02\/c1c9ef92-e778-4cb0-84f1-4d421aac1af8-768x432-1.jpg\" class=\"attachment-large size-large wp-image-354\" alt=\"\" srcset=\"https:\/\/eyp.com.ar\/es\/wp-content\/uploads\/2022\/02\/c1c9ef92-e778-4cb0-84f1-4d421aac1af8-768x432-1.jpg 768w, https:\/\/eyp.com.ar\/es\/wp-content\/uploads\/2022\/02\/c1c9ef92-e778-4cb0-84f1-4d421aac1af8-768x432-1-300x169.jpg 300w\" sizes=\"(max-width: 640px) 100vw, 640px\" \/>\t\t\t\t\t\t\t\t<\/a>\n\t\t\t\t\t\t\t\t\t\t\t\t\t\t\t<\/div>\n\t\t\t\t<\/div>\n\t\t\t\t\t<\/div>\n\t\t<\/div>\n\t\t\t\t\t<\/div>\n\t\t<\/section>\n\t\t\t\t<section class=\"elementor-section elementor-top-section elementor-element elementor-element-182be4e elementor-section-boxed elementor-section-height-default elementor-section-height-default\" data-id=\"182be4e\" data-element_type=\"section\" data-e-type=\"section\">\n\t\t\t\t\t\t<div class=\"elementor-container elementor-column-gap-default\">\n\t\t\t\t\t<div class=\"elementor-column elementor-col-33 elementor-top-column elementor-element elementor-element-a35e89b\" data-id=\"a35e89b\" data-element_type=\"column\" data-e-type=\"column\">\n\t\t\t<div class=\"elementor-widget-wrap elementor-element-populated\">\n\t\t\t\t\t\t<div class=\"elementor-element elementor-element-de3a40c elementor-widget elementor-widget-image\" data-id=\"de3a40c\" data-element_type=\"widget\" data-e-type=\"widget\" data-widget_type=\"image.default\">\n\t\t\t\t<div class=\"elementor-widget-container\">\n\t\t\t\t\t\t\t\t\t\t\t\t\t\t\t\t<a href=\"https:\/\/eyp.com.ar\/es\/wp-content\/uploads\/2022\/02\/IMG_3451-768x512-1.jpg\" data-elementor-open-lightbox=\"yes\" data-e-action-hash=\"#elementor-action%3Aaction%3Dlightbox%26settings%3DeyJpZCI6MzU1LCJ1cmwiOiJodHRwczpcL1wvZXlwLmNvbS5hclwvZXNcL3dwLWNvbnRlbnRcL3VwbG9hZHNcLzIwMjJcLzAyXC9JTUdfMzQ1MS03Njh4NTEyLTEuanBnIn0%3D\">\n\t\t\t\t\t\t\t<img loading=\"lazy\" decoding=\"async\" width=\"640\" height=\"427\" src=\"https:\/\/eyp.com.ar\/es\/wp-content\/uploads\/2022\/02\/IMG_3451-768x512-1.jpg\" class=\"attachment-large size-large wp-image-355\" alt=\"\" srcset=\"https:\/\/eyp.com.ar\/es\/wp-content\/uploads\/2022\/02\/IMG_3451-768x512-1.jpg 768w, https:\/\/eyp.com.ar\/es\/wp-content\/uploads\/2022\/02\/IMG_3451-768x512-1-300x200.jpg 300w\" sizes=\"(max-width: 640px) 100vw, 640px\" \/>\t\t\t\t\t\t\t\t<\/a>\n\t\t\t\t\t\t\t\t\t\t\t\t\t\t\t<\/div>\n\t\t\t\t<\/div>\n\t\t\t\t\t<\/div>\n\t\t<\/div>\n\t\t\t\t<div class=\"elementor-column elementor-col-33 elementor-top-column elementor-element elementor-element-95e15fd\" data-id=\"95e15fd\" data-element_type=\"column\" data-e-type=\"column\">\n\t\t\t<div class=\"elementor-widget-wrap elementor-element-populated\">\n\t\t\t\t\t\t<div class=\"elementor-element elementor-element-a6167dd elementor-widget elementor-widget-image\" data-id=\"a6167dd\" data-element_type=\"widget\" data-e-type=\"widget\" data-widget_type=\"image.default\">\n\t\t\t\t<div class=\"elementor-widget-container\">\n\t\t\t\t\t\t\t\t\t\t\t\t\t\t\t\t<a href=\"https:\/\/eyp.com.ar\/es\/wp-content\/uploads\/2022\/02\/IMG-20211207-WA0029-768x432-1.jpg\" data-elementor-open-lightbox=\"yes\" data-e-action-hash=\"#elementor-action%3Aaction%3Dlightbox%26settings%3DeyJpZCI6MzU2LCJ1cmwiOiJodHRwczpcL1wvZXlwLmNvbS5hclwvZXNcL3dwLWNvbnRlbnRcL3VwbG9hZHNcLzIwMjJcLzAyXC9JTUctMjAyMTEyMDctV0EwMDI5LTc2OHg0MzItMS5qcGcifQ%3D%3D\">\n\t\t\t\t\t\t\t<img loading=\"lazy\" decoding=\"async\" width=\"640\" height=\"360\" src=\"https:\/\/eyp.com.ar\/es\/wp-content\/uploads\/2022\/02\/IMG-20211207-WA0029-768x432-1.jpg\" class=\"attachment-large size-large wp-image-356\" alt=\"\" srcset=\"https:\/\/eyp.com.ar\/es\/wp-content\/uploads\/2022\/02\/IMG-20211207-WA0029-768x432-1.jpg 768w, https:\/\/eyp.com.ar\/es\/wp-content\/uploads\/2022\/02\/IMG-20211207-WA0029-768x432-1-300x169.jpg 300w\" sizes=\"(max-width: 640px) 100vw, 640px\" \/>\t\t\t\t\t\t\t\t<\/a>\n\t\t\t\t\t\t\t\t\t\t\t\t\t\t\t<\/div>\n\t\t\t\t<\/div>\n\t\t\t\t\t<\/div>\n\t\t<\/div>\n\t\t\t\t<div class=\"elementor-column elementor-col-33 elementor-top-column elementor-element elementor-element-801a6d6\" data-id=\"801a6d6\" data-element_type=\"column\" data-e-type=\"column\">\n\t\t\t<div class=\"elementor-widget-wrap elementor-element-populated\">\n\t\t\t\t\t\t<div class=\"elementor-element elementor-element-ae60391 elementor-widget elementor-widget-image\" data-id=\"ae60391\" data-element_type=\"widget\" data-e-type=\"widget\" data-widget_type=\"image.default\">\n\t\t\t\t<div class=\"elementor-widget-container\">\n\t\t\t\t\t\t\t\t\t\t\t\t\t\t\t\t<a href=\"https:\/\/eyp.com.ar\/es\/wp-content\/uploads\/2022\/02\/IMG-20211207-WA0030-768x432-1.jpg\" data-elementor-open-lightbox=\"yes\" data-e-action-hash=\"#elementor-action%3Aaction%3Dlightbox%26settings%3DeyJpZCI6MzU3LCJ1cmwiOiJodHRwczpcL1wvZXlwLmNvbS5hclwvZXNcL3dwLWNvbnRlbnRcL3VwbG9hZHNcLzIwMjJcLzAyXC9JTUctMjAyMTEyMDctV0EwMDMwLTc2OHg0MzItMS5qcGcifQ%3D%3D\">\n\t\t\t\t\t\t\t<img loading=\"lazy\" decoding=\"async\" width=\"640\" height=\"360\" src=\"https:\/\/eyp.com.ar\/es\/wp-content\/uploads\/2022\/02\/IMG-20211207-WA0030-768x432-1.jpg\" class=\"attachment-large size-large wp-image-357\" alt=\"\" srcset=\"https:\/\/eyp.com.ar\/es\/wp-content\/uploads\/2022\/02\/IMG-20211207-WA0030-768x432-1.jpg 768w, https:\/\/eyp.com.ar\/es\/wp-content\/uploads\/2022\/02\/IMG-20211207-WA0030-768x432-1-300x169.jpg 300w\" sizes=\"(max-width: 640px) 100vw, 640px\" \/>\t\t\t\t\t\t\t\t<\/a>\n\t\t\t\t\t\t\t\t\t\t\t\t\t\t\t<\/div>\n\t\t\t\t<\/div>\n\t\t\t\t\t<\/div>\n\t\t<\/div>\n\t\t\t\t\t<\/div>\n\t\t<\/section>\n\t\t\t\t<\/div>\n\t\t","protected":false},"excerpt":{"rendered":"<p>BA\u00d1OS QUIMICOS Dentro de la Empresa, \u00e9ste es el \u00e1rea espec\u00edfica que se encarga a todo lo referido a los eventos, brindando a nuestros clientes,&hellip;<\/p>\n","protected":false},"author":1,"featured_media":0,"parent":0,"menu_order":0,"comment_status":"closed","ping_status":"closed","template":"","meta":{"_joinchat":[],"footnotes":""},"class_list":["post-2725","page","type-page","status-publish","hentry"],"yoast_head":"<!-- This site is optimized with the Yoast SEO plugin v27.4 - https:\/\/yoast.com\/product\/yoast-seo-wordpress\/ -->\n<title>BA\u00d1OS QUIMICOS - Eventos Paran\u00e1<\/title>\n<meta name=\"robots\" content=\"index, follow, max-snippet:-1, max-image-preview:large, max-video-preview:-1\" \/>\n<link rel=\"canonical\" href=\"https:\/\/eyp.com.ar\/es\/banos-quimicos\/\" \/>\n<meta property=\"og:locale\" content=\"es_ES\" \/>\n<meta property=\"og:type\" content=\"article\" \/>\n<meta property=\"og:title\" content=\"BA\u00d1OS QUIMICOS - Eventos Paran\u00e1\" \/>\n<meta property=\"og:description\" content=\"BA\u00d1OS QUIMICOS Dentro de la Empresa, \u00e9ste es el \u00e1rea espec\u00edfica que se encarga a todo lo referido a los eventos, brindando a nuestros clientes,&hellip;\" \/>\n<meta property=\"og:url\" content=\"https:\/\/eyp.com.ar\/es\/banos-quimicos\/\" \/>\n<meta property=\"og:site_name\" content=\"Eventos Paran\u00e1\" \/>\n<meta property=\"article:modified_time\" content=\"2023-04-24T20:59:33+00:00\" \/>\n<meta property=\"og:image\" content=\"https:\/\/eyp.com.ar\/es\/wp-content\/uploads\/2022\/02\/ac54d2cd-e64a-44ed-b7e1-116bdde02ba6-768x432-1.jpg\" \/>\n<meta name=\"twitter:card\" content=\"summary_large_image\" \/>\n<meta name=\"twitter:label1\" content=\"Tiempo de lectura\" \/>\n\t<meta name=\"twitter:data1\" content=\"2 minutos\" \/>\n<script type=\"application\/ld+json\" class=\"yoast-schema-graph\">{\"@context\":\"https:\\\/\\\/schema.org\",\"@graph\":[{\"@type\":\"WebPage\",\"@id\":\"https:\\\/\\\/eyp.com.ar\\\/es\\\/banos-quimicos\\\/\",\"url\":\"https:\\\/\\\/eyp.com.ar\\\/es\\\/banos-quimicos\\\/\",\"name\":\"BA\u00d1OS QUIMICOS - Eventos Paran\u00e1\",\"isPartOf\":{\"@id\":\"https:\\\/\\\/eyp.com.ar\\\/es\\\/#website\"},\"primaryImageOfPage\":{\"@id\":\"https:\\\/\\\/eyp.com.ar\\\/es\\\/banos-quimicos\\\/#primaryimage\"},\"image\":{\"@id\":\"https:\\\/\\\/eyp.com.ar\\\/es\\\/banos-quimicos\\\/#primaryimage\"},\"thumbnailUrl\":\"https:\\\/\\\/eyp.com.ar\\\/es\\\/wp-content\\\/uploads\\\/2022\\\/02\\\/ac54d2cd-e64a-44ed-b7e1-116bdde02ba6-768x432-1.jpg\",\"datePublished\":\"2023-04-24T20:57:59+00:00\",\"dateModified\":\"2023-04-24T20:59:33+00:00\",\"breadcrumb\":{\"@id\":\"https:\\\/\\\/eyp.com.ar\\\/es\\\/banos-quimicos\\\/#breadcrumb\"},\"inLanguage\":\"es\",\"potentialAction\":[{\"@type\":\"ReadAction\",\"target\":[\"https:\\\/\\\/eyp.com.ar\\\/es\\\/banos-quimicos\\\/\"]}]},{\"@type\":\"ImageObject\",\"inLanguage\":\"es\",\"@id\":\"https:\\\/\\\/eyp.com.ar\\\/es\\\/banos-quimicos\\\/#primaryimage\",\"url\":\"https:\\\/\\\/eyp.com.ar\\\/es\\\/wp-content\\\/uploads\\\/2022\\\/02\\\/ac54d2cd-e64a-44ed-b7e1-116bdde02ba6-768x432-1.jpg\",\"contentUrl\":\"https:\\\/\\\/eyp.com.ar\\\/es\\\/wp-content\\\/uploads\\\/2022\\\/02\\\/ac54d2cd-e64a-44ed-b7e1-116bdde02ba6-768x432-1.jpg\"},{\"@type\":\"BreadcrumbList\",\"@id\":\"https:\\\/\\\/eyp.com.ar\\\/es\\\/banos-quimicos\\\/#breadcrumb\",\"itemListElement\":[{\"@type\":\"ListItem\",\"position\":1,\"name\":\"Portada\",\"item\":\"https:\\\/\\\/eyp.com.ar\\\/es\\\/\"},{\"@type\":\"ListItem\",\"position\":2,\"name\":\"BA\u00d1OS QUIMICOS\"}]},{\"@type\":\"WebSite\",\"@id\":\"https:\\\/\\\/eyp.com.ar\\\/es\\\/#website\",\"url\":\"https:\\\/\\\/eyp.com.ar\\\/es\\\/\",\"name\":\"Eventos Paran\u00e1\",\"description\":\"Carpas estructurales en Paran\u00e1\",\"publisher\":{\"@id\":\"https:\\\/\\\/eyp.com.ar\\\/es\\\/#organization\"},\"potentialAction\":[{\"@type\":\"SearchAction\",\"target\":{\"@type\":\"EntryPoint\",\"urlTemplate\":\"https:\\\/\\\/eyp.com.ar\\\/es\\\/?s={search_term_string}\"},\"query-input\":{\"@type\":\"PropertyValueSpecification\",\"valueRequired\":true,\"valueName\":\"search_term_string\"}}],\"inLanguage\":\"es\"},{\"@type\":\"Organization\",\"@id\":\"https:\\\/\\\/eyp.com.ar\\\/es\\\/#organization\",\"name\":\"Eventos Paran\u00e1\",\"url\":\"https:\\\/\\\/eyp.com.ar\\\/es\\\/\",\"logo\":{\"@type\":\"ImageObject\",\"inLanguage\":\"es\",\"@id\":\"https:\\\/\\\/eyp.com.ar\\\/es\\\/#\\\/schema\\\/logo\\\/image\\\/\",\"url\":\"https:\\\/\\\/eyp.com.ar\\\/es\\\/wp-content\\\/uploads\\\/2022\\\/01\\\/Logo-Nuevo-Eventos-Parana-1536x1310-1.png\",\"contentUrl\":\"https:\\\/\\\/eyp.com.ar\\\/es\\\/wp-content\\\/uploads\\\/2022\\\/01\\\/Logo-Nuevo-Eventos-Parana-1536x1310-1.png\",\"width\":1536,\"height\":1310,\"caption\":\"Eventos Paran\u00e1\"},\"image\":{\"@id\":\"https:\\\/\\\/eyp.com.ar\\\/es\\\/#\\\/schema\\\/logo\\\/image\\\/\"}}]}<\/script>\n<!-- \/ Yoast SEO plugin. -->","yoast_head_json":{"title":"BA\u00d1OS QUIMICOS - Eventos Paran\u00e1","robots":{"index":"index","follow":"follow","max-snippet":"max-snippet:-1","max-image-preview":"max-image-preview:large","max-video-preview":"max-video-preview:-1"},"canonical":"https:\/\/eyp.com.ar\/es\/banos-quimicos\/","og_locale":"es_ES","og_type":"article","og_title":"BA\u00d1OS QUIMICOS - Eventos Paran\u00e1","og_description":"BA\u00d1OS QUIMICOS Dentro de la Empresa, \u00e9ste es el \u00e1rea espec\u00edfica que se encarga a todo lo referido a los eventos, brindando a nuestros clientes,&hellip;","og_url":"https:\/\/eyp.com.ar\/es\/banos-quimicos\/","og_site_name":"Eventos Paran\u00e1","article_modified_time":"2023-04-24T20:59:33+00:00","og_image":[{"url":"https:\/\/eyp.com.ar\/es\/wp-content\/uploads\/2022\/02\/ac54d2cd-e64a-44ed-b7e1-116bdde02ba6-768x432-1.jpg","type":"","width":"","height":""}],"twitter_card":"summary_large_image","twitter_misc":{"Tiempo de lectura":"2 minutos"},"schema":{"@context":"https:\/\/schema.org","@graph":[{"@type":"WebPage","@id":"https:\/\/eyp.com.ar\/es\/banos-quimicos\/","url":"https:\/\/eyp.com.ar\/es\/banos-quimicos\/","name":"BA\u00d1OS QUIMICOS - Eventos Paran\u00e1","isPartOf":{"@id":"https:\/\/eyp.com.ar\/es\/#website"},"primaryImageOfPage":{"@id":"https:\/\/eyp.com.ar\/es\/banos-quimicos\/#primaryimage"},"image":{"@id":"https:\/\/eyp.com.ar\/es\/banos-quimicos\/#primaryimage"},"thumbnailUrl":"https:\/\/eyp.com.ar\/es\/wp-content\/uploads\/2022\/02\/ac54d2cd-e64a-44ed-b7e1-116bdde02ba6-768x432-1.jpg","datePublished":"2023-04-24T20:57:59+00:00","dateModified":"2023-04-24T20:59:33+00:00","breadcrumb":{"@id":"https:\/\/eyp.com.ar\/es\/banos-quimicos\/#breadcrumb"},"inLanguage":"es","potentialAction":[{"@type":"ReadAction","target":["https:\/\/eyp.com.ar\/es\/banos-quimicos\/"]}]},{"@type":"ImageObject","inLanguage":"es","@id":"https:\/\/eyp.com.ar\/es\/banos-quimicos\/#primaryimage","url":"https:\/\/eyp.com.ar\/es\/wp-content\/uploads\/2022\/02\/ac54d2cd-e64a-44ed-b7e1-116bdde02ba6-768x432-1.jpg","contentUrl":"https:\/\/eyp.com.ar\/es\/wp-content\/uploads\/2022\/02\/ac54d2cd-e64a-44ed-b7e1-116bdde02ba6-768x432-1.jpg"},{"@type":"BreadcrumbList","@id":"https:\/\/eyp.com.ar\/es\/banos-quimicos\/#breadcrumb","itemListElement":[{"@type":"ListItem","position":1,"name":"Portada","item":"https:\/\/eyp.com.ar\/es\/"},{"@type":"ListItem","position":2,"name":"BA\u00d1OS QUIMICOS"}]},{"@type":"WebSite","@id":"https:\/\/eyp.com.ar\/es\/#website","url":"https:\/\/eyp.com.ar\/es\/","name":"Eventos Paran\u00e1","description":"Carpas estructurales en Paran\u00e1","publisher":{"@id":"https:\/\/eyp.com.ar\/es\/#organization"},"potentialAction":[{"@type":"SearchAction","target":{"@type":"EntryPoint","urlTemplate":"https:\/\/eyp.com.ar\/es\/?s={search_term_string}"},"query-input":{"@type":"PropertyValueSpecification","valueRequired":true,"valueName":"search_term_string"}}],"inLanguage":"es"},{"@type":"Organization","@id":"https:\/\/eyp.com.ar\/es\/#organization","name":"Eventos Paran\u00e1","url":"https:\/\/eyp.com.ar\/es\/","logo":{"@type":"ImageObject","inLanguage":"es","@id":"https:\/\/eyp.com.ar\/es\/#\/schema\/logo\/image\/","url":"https:\/\/eyp.com.ar\/es\/wp-content\/uploads\/2022\/01\/Logo-Nuevo-Eventos-Parana-1536x1310-1.png","contentUrl":"https:\/\/eyp.com.ar\/es\/wp-content\/uploads\/2022\/01\/Logo-Nuevo-Eventos-Parana-1536x1310-1.png","width":1536,"height":1310,"caption":"Eventos Paran\u00e1"},"image":{"@id":"https:\/\/eyp.com.ar\/es\/#\/schema\/logo\/image\/"}}]}},"_links":{"self":[{"href":"https:\/\/eyp.com.ar\/es\/wp-json\/wp\/v2\/pages\/2725","targetHints":{"allow":["GET"]}}],"collection":[{"href":"https:\/\/eyp.com.ar\/es\/wp-json\/wp\/v2\/pages"}],"about":[{"href":"https:\/\/eyp.com.ar\/es\/wp-json\/wp\/v2\/types\/page"}],"author":[{"embeddable":true,"href":"https:\/\/eyp.com.ar\/es\/wp-json\/wp\/v2\/users\/1"}],"replies":[{"embeddable":true,"href":"https:\/\/eyp.com.ar\/es\/wp-json\/wp\/v2\/comments?post=2725"}],"version-history":[{"count":3,"href":"https:\/\/eyp.com.ar\/es\/wp-json\/wp\/v2\/pages\/2725\/revisions"}],"predecessor-version":[{"id":2728,"href":"https:\/\/eyp.com.ar\/es\/wp-json\/wp\/v2\/pages\/2725\/revisions\/2728"}],"wp:attachment":[{"href":"https:\/\/eyp.com.ar\/es\/wp-json\/wp\/v2\/media?parent=2725"}],"curies":[{"name":"wp","href":"https:\/\/api.w.org\/{rel}","templated":true}]}}