{"id":2788,"date":"2023-06-26T18:05:50","date_gmt":"2023-06-26T21:05:50","guid":{"rendered":"https:\/\/eyp.com.ar\/es\/?page_id=2788"},"modified":"2023-06-26T18:10:50","modified_gmt":"2023-06-26T21:10:50","slug":"carpa-beduina","status":"publish","type":"page","link":"https:\/\/eyp.com.ar\/es\/carpa-beduina\/","title":{"rendered":"Carpa beduina"},"content":{"rendered":"\t\t<div data-elementor-type=\"wp-page\" data-elementor-id=\"2788\" class=\"elementor elementor-2788\">\n\t\t\t\t\t\t<section class=\"elementor-section elementor-top-section elementor-element elementor-element-36f59dc elementor-section-boxed elementor-section-height-default elementor-section-height-default\" data-id=\"36f59dc\" data-element_type=\"section\" data-e-type=\"section\">\n\t\t\t\t\t\t<div class=\"elementor-container elementor-column-gap-default\">\n\t\t\t\t\t<div class=\"elementor-column elementor-col-100 elementor-top-column elementor-element elementor-element-8b970c2\" data-id=\"8b970c2\" data-element_type=\"column\" data-e-type=\"column\">\n\t\t\t<div class=\"elementor-widget-wrap elementor-element-populated\">\n\t\t\t\t\t\t<div class=\"elementor-element elementor-element-6dc5715 eael-dual-header-content-align-center elementor-widget elementor-widget-eael-dual-color-header\" data-id=\"6dc5715\" data-element_type=\"widget\" data-e-type=\"widget\" data-widget_type=\"eael-dual-color-header.default\">\n\t\t\t\t<div class=\"elementor-widget-container\">\n\t\t\t\t\t\t\t\t<div class=\"eael-dual-header\">\n\t\t\t\t<h2 class=\"title eael-dch-title\"><span class=\"eael-dch-title-text eael-dch-title-lead lead solid-color\">CARPAS <\/span> <span class=\"eael-dch-title-text\">BEDUINA<\/span><\/h2>\t\t\t\t\t<span class=\"subtext\"><p>Est\u00e1 compuesta por una lona el\u00e1stica Las medidas disponibles son de 10&#215;7, 3,5&#215;4,5 y 2,7&#215;1,9 metros con una altura en el centro de 8,6 y 4 metros respectivamente. Es utilizadas generalmente en eventos al aire libre.<\/p><\/span>\n\t\t\t\t\t\t\t<\/div>\n\n\t\t\t\t\t\t<\/div>\n\t\t\t\t<\/div>\n\t\t\t\t<div class=\"elementor-element elementor-element-0ba17a3 eael-fg-hoverer-content-align-left elementor-widget elementor-widget-eael-filterable-gallery\" data-id=\"0ba17a3\" data-element_type=\"widget\" data-e-type=\"widget\" data-settings=\"{&quot;photo_gallery&quot;:&quot;yes&quot;,&quot;pagination&quot;:&quot;false&quot;}\" data-widget_type=\"eael-filterable-gallery.default\">\n\t\t\t\t<div class=\"elementor-widget-container\">\n\t\t\t\t\t<style id=\"eael-fg-inline-css-0ba17a3\">@media only screen and (max-width: 2399px) {\n\t\t\t\t\t.elementor-element.elementor-element-0ba17a3 .eael-filterable-gallery-item-wrap {\n\t\t\t\t\t        width: 50%;\n\t\t\t\t\t    }\n\t\t\t\t\t}@media only screen and (max-width: 1024px) {\n\t\t\t\t\t.elementor-element.elementor-element-0ba17a3  .eael-filterable-gallery-item-wrap {\n\t\t\t\t\t        width: 50%;\n\t\t\t\t\t    }\n\t\t\t\t\t}@media only screen and (max-width: 767px) {\n\t\t\t\t\t.elementor-element.elementor-element-0ba17a3  .eael-filterable-gallery-item-wrap {\n\t\t\t\t\t        width: 100%;\n\t\t\t\t\t    }\n\t\t\t\t\t}<\/style>        <div id=\"eael-filter-gallery-wrapper-0ba17a3\" class=\"eael-filter-gallery-wrapper\" data-layout-mode=\"hoverer\" data-breakpoints=\"{&quot;mobile&quot;:{&quot;label&quot;:&quot;M\\u00f3vil vertical&quot;,&quot;value&quot;:767,&quot;default_value&quot;:767,&quot;direction&quot;:&quot;max&quot;,&quot;is_enabled&quot;:true},&quot;mobile_extra&quot;:{&quot;label&quot;:&quot;M\\u00f3vil horizontal&quot;,&quot;value&quot;:880,&quot;default_value&quot;:880,&quot;direction&quot;:&quot;max&quot;,&quot;is_enabled&quot;:false},&quot;tablet&quot;:{&quot;label&quot;:&quot;Tableta vertical&quot;,&quot;value&quot;:1024,&quot;default_value&quot;:1024,&quot;direction&quot;:&quot;max&quot;,&quot;is_enabled&quot;:true},&quot;tablet_extra&quot;:{&quot;label&quot;:&quot;Tableta horizontal&quot;,&quot;value&quot;:1200,&quot;default_value&quot;:1200,&quot;direction&quot;:&quot;max&quot;,&quot;is_enabled&quot;:false},&quot;laptop&quot;:{&quot;label&quot;:&quot;Port\\u00e1til&quot;,&quot;value&quot;:1366,&quot;default_value&quot;:1366,&quot;direction&quot;:&quot;max&quot;,&quot;is_enabled&quot;:false},&quot;widescreen&quot;:{&quot;label&quot;:&quot;Pantalla grande&quot;,&quot;value&quot;:2400,&quot;default_value&quot;:2400,&quot;direction&quot;:&quot;min&quot;,&quot;is_enabled&quot;:false}}\" data-default_control_key=\"0\" data-custom_default_control=\"1\">\n                    <div class=\"eael-filter-gallery-container masonry\" data-images-per-page=\"\" data-total-gallery-items=\"2\" data-nomore-item-text=\"\" data-is-randomize=\"no\" data-settings=\"{&quot;grid_style&quot;:&quot;masonry&quot;,&quot;popup&quot;:&quot;buttons&quot;,&quot;duration&quot;:500,&quot;gallery_enabled&quot;:&quot;yes&quot;,&quot;video_gallery_yt_privacy&quot;:&quot;&quot;,&quot;control_all_text&quot;:null,&quot;mobile_scroll_to_top&quot;:&quot;&quot;,&quot;mobile_scroll_offset&quot;:0,&quot;post_id&quot;:2788,&quot;widget_id&quot;:&quot;0ba17a3&quot;}\" data-search-all=\"\" data-gallery-items=\"WyI8ZGl2IGNsYXNzPVwiZWFlbC1maWx0ZXJhYmxlLWdhbGxlcnktaXRlbS13cmFwXCI+XG5cdFx0XHRcdDxkaXYgY2xhc3M9XCJlYWVsLWdhbGxlcnktZ3JpZC1pdGVtXCI+PGRpdiBjbGFzcz1cImdhbGxlcnktaXRlbS10aHVtYm5haWwtd3JhcFwiPjxpbWcgd2lkdGg9XCIzMDBcIiBoZWlnaHQ9XCIyMjVcIiBzcmM9XCJodHRwczpcL1wvZXlwLmNvbS5hclwvZXNcL3dwLWNvbnRlbnRcL3VwbG9hZHNcLzIwMjNcLzA2XC85NmY0YzVmOC03NjhmLTQ5MjEtOTFjOC01MTM2NzliZTA0MjUtMzAweDIyNS5qcGdcIiBjbGFzcz1cImF0dGFjaG1lbnQtbWVkaXVtIHNpemUtbWVkaXVtIHdwLWltYWdlLTI3ODlcIiBhbHQ9XCJcIiBzcmNzZXQ9XCJodHRwczpcL1wvZXlwLmNvbS5hclwvZXNcL3dwLWNvbnRlbnRcL3VwbG9hZHNcLzIwMjNcLzA2XC85NmY0YzVmOC03NjhmLTQ5MjEtOTFjOC01MTM2NzliZTA0MjUtMzAweDIyNS5qcGcgMzAwdywgaHR0cHM6XC9cL2V5cC5jb20uYXJcL2VzXC93cC1jb250ZW50XC91cGxvYWRzXC8yMDIzXC8wNlwvOTZmNGM1ZjgtNzY4Zi00OTIxLTkxYzgtNTEzNjc5YmUwNDI1LTEwMjR4NzY4LmpwZyAxMDI0dywgaHR0cHM6XC9cL2V5cC5jb20uYXJcL2VzXC93cC1jb250ZW50XC91cGxvYWRzXC8yMDIzXC8wNlwvOTZmNGM1ZjgtNzY4Zi00OTIxLTkxYzgtNTEzNjc5YmUwNDI1LTc2OHg1NzYuanBnIDc2OHcsIGh0dHBzOlwvXC9leXAuY29tLmFyXC9lc1wvd3AtY29udGVudFwvdXBsb2Fkc1wvMjAyM1wvMDZcLzk2ZjRjNWY4LTc2OGYtNDkyMS05MWM4LTUxMzY3OWJlMDQyNS0xNTM2eDExNTIuanBnIDE1MzZ3LCBodHRwczpcL1wvZXlwLmNvbS5hclwvZXNcL3dwLWNvbnRlbnRcL3VwbG9hZHNcLzIwMjNcLzA2XC85NmY0YzVmOC03NjhmLTQ5MjEtOTFjOC01MTM2NzliZTA0MjUuanBnIDE2MDB3XCIgc2l6ZXM9XCIobWF4LXdpZHRoOiAzMDBweCkgMTAwdncsIDMwMHB4XCIgXC8+PFwvZGl2PjxkaXYgY2xhc3M9XCJnYWxsZXJ5LWl0ZW0tY2FwdGlvbi13cmFwIGNhcHRpb24tc3R5bGUtaG92ZXJlciBlYWVsLXNsaWRlLXVwXCI+PGRpdiBjbGFzcz1cImdhbGxlcnktaXRlbS1ob3ZlcmVyLWJnXCI+PFwvZGl2PjxkaXYgY2xhc3M9XCJnYWxsZXJ5LWl0ZW0tY2FwdGlvbi1vdmVyXCI+PGgyIGNsYXNzPVwiZmctaXRlbS10aXRsZVwiPkNhcnBhIGJlZHVpbmE8XC9oMj48ZGl2IGNsYXNzPVwiZ2FsbGVyeS1pdGVtLWJ1dHRvbnNcIj48YSBhcmVhLWhpZGRlbj1cInRydWVcIiBhcmlhLWxhYmVsPVwiZWFlbC1tYWduaWZpYy1saW5rXCIgaHJlZj1cImh0dHBzOlwvXC9leXAuY29tLmFyXC9lc1wvd3AtY29udGVudFwvdXBsb2Fkc1wvMjAyM1wvMDZcLzk2ZjRjNWY4LTc2OGYtNDkyMS05MWM4LTUxMzY3OWJlMDQyNS5qcGdcIiBjbGFzcz1cImVhZWwtbWFnbmlmaWMtbGluayBlYWVsLW1hZ25pZmljLWxpbmstY2xvbmUgYWN0aXZlXCIgZGF0YS1lbGVtZW50b3Itb3Blbi1saWdodGJveD1cInllc1wiIHRpdGxlPVwiXCI+PHNwYW4gY2xhc3M9XCJmZy1pdGVtLWljb24taW5uZXJcIj48aSBjbGFzcz1cImZhcyBmYS1zZWFyY2gtcGx1c1wiIGFyaWEtaGlkZGVuPVwidHJ1ZVwiPjxcL2k+PFwvc3Bhbj5cbiAgICAgICAgICAgIDxcL2E+ICAgICAgICAgICAgICAgIDxhIGhyZWY9XCIjXCIgYXJpYS1sYWJlbD1cImVhZWwtaXRlbS1tYXliZS1saW5rXCI+IDxzcGFuIGNsYXNzPVwiZmctaXRlbS1pY29uLWlubmVyXCI+PGkgY2xhc3M9XCJmYXMgZmEtbGlua1wiIGFyaWEtaGlkZGVuPVwidHJ1ZVwiPjxcL2k+PFwvc3Bhbj48XC9hPjxcL2Rpdj48XC9kaXY+PFwvZGl2PjxcL2Rpdj48XC9kaXY+IiwiPGRpdiBjbGFzcz1cImVhZWwtZmlsdGVyYWJsZS1nYWxsZXJ5LWl0ZW0td3JhcFwiPlxuXHRcdFx0XHQ8ZGl2IGNsYXNzPVwiZWFlbC1nYWxsZXJ5LWdyaWQtaXRlbVwiPjxkaXYgY2xhc3M9XCJnYWxsZXJ5LWl0ZW0tdGh1bWJuYWlsLXdyYXBcIj48aW1nIHdpZHRoPVwiMzAwXCIgaGVpZ2h0PVwiMTY5XCIgc3JjPVwiaHR0cHM6XC9cL2V5cC5jb20uYXJcL2VzXC93cC1jb250ZW50XC91cGxvYWRzXC8yMDIzXC8wNlwvZDM0ZGEzYjEtYTE0Ni00OTk5LWIyMmQtNjg4YTY3YmRkZTBmLTMwMHgxNjkuanBnXCIgY2xhc3M9XCJhdHRhY2htZW50LW1lZGl1bSBzaXplLW1lZGl1bSB3cC1pbWFnZS0yNzkwXCIgYWx0PVwiXCIgc3Jjc2V0PVwiaHR0cHM6XC9cL2V5cC5jb20uYXJcL2VzXC93cC1jb250ZW50XC91cGxvYWRzXC8yMDIzXC8wNlwvZDM0ZGEzYjEtYTE0Ni00OTk5LWIyMmQtNjg4YTY3YmRkZTBmLTMwMHgxNjkuanBnIDMwMHcsIGh0dHBzOlwvXC9leXAuY29tLmFyXC9lc1wvd3AtY29udGVudFwvdXBsb2Fkc1wvMjAyM1wvMDZcL2QzNGRhM2IxLWExNDYtNDk5OS1iMjJkLTY4OGE2N2JkZGUwZi0xMDI0eDU3Ni5qcGcgMTAyNHcsIGh0dHBzOlwvXC9leXAuY29tLmFyXC9lc1wvd3AtY29udGVudFwvdXBsb2Fkc1wvMjAyM1wvMDZcL2QzNGRhM2IxLWExNDYtNDk5OS1iMjJkLTY4OGE2N2JkZGUwZi03Njh4NDMyLmpwZyA3Njh3LCBodHRwczpcL1wvZXlwLmNvbS5hclwvZXNcL3dwLWNvbnRlbnRcL3VwbG9hZHNcLzIwMjNcLzA2XC9kMzRkYTNiMS1hMTQ2LTQ5OTktYjIyZC02ODhhNjdiZGRlMGYtMTUzNng4NjQuanBnIDE1MzZ3LCBodHRwczpcL1wvZXlwLmNvbS5hclwvZXNcL3dwLWNvbnRlbnRcL3VwbG9hZHNcLzIwMjNcLzA2XC9kMzRkYTNiMS1hMTQ2LTQ5OTktYjIyZC02ODhhNjdiZGRlMGYuanBnIDE2MDB3XCIgc2l6ZXM9XCIobWF4LXdpZHRoOiAzMDBweCkgMTAwdncsIDMwMHB4XCIgXC8+PFwvZGl2PjxkaXYgY2xhc3M9XCJnYWxsZXJ5LWl0ZW0tY2FwdGlvbi13cmFwIGNhcHRpb24tc3R5bGUtaG92ZXJlciBlYWVsLXNsaWRlLXVwXCI+PGRpdiBjbGFzcz1cImdhbGxlcnktaXRlbS1ob3ZlcmVyLWJnXCI+PFwvZGl2PjxkaXYgY2xhc3M9XCJnYWxsZXJ5LWl0ZW0tY2FwdGlvbi1vdmVyXCI+PGgyIGNsYXNzPVwiZmctaXRlbS10aXRsZVwiPkNhcnBhIGJlZHVpbmE8XC9oMj48ZGl2IGNsYXNzPVwiZ2FsbGVyeS1pdGVtLWJ1dHRvbnNcIj48YSBhcmVhLWhpZGRlbj1cInRydWVcIiBhcmlhLWxhYmVsPVwiZWFlbC1tYWduaWZpYy1saW5rXCIgaHJlZj1cImh0dHBzOlwvXC9leXAuY29tLmFyXC9lc1wvd3AtY29udGVudFwvdXBsb2Fkc1wvMjAyM1wvMDZcL2QzNGRhM2IxLWExNDYtNDk5OS1iMjJkLTY4OGE2N2JkZGUwZi5qcGdcIiBjbGFzcz1cImVhZWwtbWFnbmlmaWMtbGluayBlYWVsLW1hZ25pZmljLWxpbmstY2xvbmUgYWN0aXZlXCIgZGF0YS1lbGVtZW50b3Itb3Blbi1saWdodGJveD1cInllc1wiIHRpdGxlPVwiXCI+PHNwYW4gY2xhc3M9XCJmZy1pdGVtLWljb24taW5uZXJcIj48aSBjbGFzcz1cImZhcyBmYS1zZWFyY2gtcGx1c1wiIGFyaWEtaGlkZGVuPVwidHJ1ZVwiPjxcL2k+PFwvc3Bhbj5cbiAgICAgICAgICAgIDxcL2E+ICAgICAgICAgICAgICAgIDxhIGhyZWY9XCIjXCIgYXJpYS1sYWJlbD1cImVhZWwtaXRlbS1tYXliZS1saW5rXCI+IDxzcGFuIGNsYXNzPVwiZmctaXRlbS1pY29uLWlubmVyXCI+PGkgY2xhc3M9XCJmYXMgZmEtbGlua1wiIGFyaWEtaGlkZGVuPVwidHJ1ZVwiPjxcL2k+PFwvc3Bhbj48XC9hPjxcL2Rpdj48XC9kaXY+PFwvZGl2PjxcL2Rpdj48XC9kaXY+Il0=\" data-init-show=\"2\">\n            <div class=\"eael-filterable-gallery-item-wrap\">\n\t\t\t\t<div class=\"eael-gallery-grid-item\"><div class=\"gallery-item-thumbnail-wrap\"><img fetchpriority=\"high\" decoding=\"async\" width=\"300\" height=\"225\" src=\"https:\/\/eyp.com.ar\/es\/wp-content\/uploads\/2023\/06\/96f4c5f8-768f-4921-91c8-513679be0425-300x225.jpg\" class=\"attachment-medium size-medium wp-image-2789\" alt=\"\" srcset=\"https:\/\/eyp.com.ar\/es\/wp-content\/uploads\/2023\/06\/96f4c5f8-768f-4921-91c8-513679be0425-300x225.jpg 300w, https:\/\/eyp.com.ar\/es\/wp-content\/uploads\/2023\/06\/96f4c5f8-768f-4921-91c8-513679be0425-1024x768.jpg 1024w, https:\/\/eyp.com.ar\/es\/wp-content\/uploads\/2023\/06\/96f4c5f8-768f-4921-91c8-513679be0425-768x576.jpg 768w, https:\/\/eyp.com.ar\/es\/wp-content\/uploads\/2023\/06\/96f4c5f8-768f-4921-91c8-513679be0425-1536x1152.jpg 1536w, https:\/\/eyp.com.ar\/es\/wp-content\/uploads\/2023\/06\/96f4c5f8-768f-4921-91c8-513679be0425.jpg 1600w\" sizes=\"(max-width: 300px) 100vw, 300px\" \/><\/div><div class=\"gallery-item-caption-wrap caption-style-hoverer eael-slide-up\"><div class=\"gallery-item-hoverer-bg\"><\/div><div class=\"gallery-item-caption-over\"><h2 class=\"fg-item-title\">Carpa beduina<\/h2><div class=\"gallery-item-buttons\"><a area-hidden=\"true\" aria-label=\"eael-magnific-link\" href=\"https:\/\/eyp.com.ar\/es\/wp-content\/uploads\/2023\/06\/96f4c5f8-768f-4921-91c8-513679be0425.jpg\" class=\"eael-magnific-link eael-magnific-link-clone active\" data-elementor-open-lightbox=\"yes\" title=\"\"><span class=\"fg-item-icon-inner\"><i class=\"fas fa-search-plus\" aria-hidden=\"true\"><\/i><\/span>\n            <\/a>                <a href=\"#\" aria-label=\"eael-item-maybe-link\"> <span class=\"fg-item-icon-inner\"><i class=\"fas fa-link\" aria-hidden=\"true\"><\/i><\/span><\/a><\/div><\/div><\/div><\/div><\/div><div class=\"eael-filterable-gallery-item-wrap\">\n\t\t\t\t<div class=\"eael-gallery-grid-item\"><div class=\"gallery-item-thumbnail-wrap\"><img decoding=\"async\" width=\"300\" height=\"169\" src=\"https:\/\/eyp.com.ar\/es\/wp-content\/uploads\/2023\/06\/d34da3b1-a146-4999-b22d-688a67bdde0f-300x169.jpg\" class=\"attachment-medium size-medium wp-image-2790\" alt=\"\" srcset=\"https:\/\/eyp.com.ar\/es\/wp-content\/uploads\/2023\/06\/d34da3b1-a146-4999-b22d-688a67bdde0f-300x169.jpg 300w, https:\/\/eyp.com.ar\/es\/wp-content\/uploads\/2023\/06\/d34da3b1-a146-4999-b22d-688a67bdde0f-1024x576.jpg 1024w, https:\/\/eyp.com.ar\/es\/wp-content\/uploads\/2023\/06\/d34da3b1-a146-4999-b22d-688a67bdde0f-768x432.jpg 768w, https:\/\/eyp.com.ar\/es\/wp-content\/uploads\/2023\/06\/d34da3b1-a146-4999-b22d-688a67bdde0f-1536x864.jpg 1536w, https:\/\/eyp.com.ar\/es\/wp-content\/uploads\/2023\/06\/d34da3b1-a146-4999-b22d-688a67bdde0f.jpg 1600w\" sizes=\"(max-width: 300px) 100vw, 300px\" \/><\/div><div class=\"gallery-item-caption-wrap caption-style-hoverer eael-slide-up\"><div class=\"gallery-item-hoverer-bg\"><\/div><div class=\"gallery-item-caption-over\"><h2 class=\"fg-item-title\">Carpa beduina<\/h2><div class=\"gallery-item-buttons\"><a area-hidden=\"true\" aria-label=\"eael-magnific-link\" href=\"https:\/\/eyp.com.ar\/es\/wp-content\/uploads\/2023\/06\/d34da3b1-a146-4999-b22d-688a67bdde0f.jpg\" class=\"eael-magnific-link eael-magnific-link-clone active\" data-elementor-open-lightbox=\"yes\" title=\"\"><span class=\"fg-item-icon-inner\"><i class=\"fas fa-search-plus\" aria-hidden=\"true\"><\/i><\/span>\n            <\/a>                <a href=\"#\" aria-label=\"eael-item-maybe-link\"> <span class=\"fg-item-icon-inner\"><i class=\"fas fa-link\" aria-hidden=\"true\"><\/i><\/span><\/a><\/div><\/div><\/div><\/div><\/div>        <\/div>\n                <\/div>\n        \n        \t\t\t\t<\/div>\n\t\t\t\t<\/div>\n\t\t\t\t\t<\/div>\n\t\t<\/div>\n\t\t\t\t\t<\/div>\n\t\t<\/section>\n\t\t\t\t<\/div>\n\t\t","protected":false},"excerpt":{"rendered":"<p>CARPAS BEDUINA Est\u00e1 compuesta por una lona el\u00e1stica Las medidas disponibles son de 10&#215;7, 3,5&#215;4,5 y 2,7&#215;1,9 metros con una altura en el centro de&hellip;<\/p>\n","protected":false},"author":1,"featured_media":0,"parent":0,"menu_order":0,"comment_status":"closed","ping_status":"closed","template":"","meta":{"_joinchat":[],"footnotes":""},"class_list":["post-2788","page","type-page","status-publish","hentry"],"yoast_head":"<!-- This site is optimized with the Yoast SEO plugin v27.4 - https:\/\/yoast.com\/product\/yoast-seo-wordpress\/ -->\n<title>Carpa beduina - Eventos Paran\u00e1<\/title>\n<meta name=\"robots\" content=\"index, follow, max-snippet:-1, max-image-preview:large, max-video-preview:-1\" \/>\n<link rel=\"canonical\" href=\"https:\/\/eyp.com.ar\/es\/carpa-beduina\/\" \/>\n<meta property=\"og:locale\" content=\"es_ES\" \/>\n<meta property=\"og:type\" content=\"article\" \/>\n<meta property=\"og:title\" content=\"Carpa beduina - Eventos Paran\u00e1\" \/>\n<meta property=\"og:description\" content=\"CARPAS BEDUINA Est\u00e1 compuesta por una lona el\u00e1stica Las medidas disponibles son de 10&#215;7, 3,5&#215;4,5 y 2,7&#215;1,9 metros con una altura en el centro de&hellip;\" \/>\n<meta property=\"og:url\" content=\"https:\/\/eyp.com.ar\/es\/carpa-beduina\/\" \/>\n<meta property=\"og:site_name\" content=\"Eventos Paran\u00e1\" \/>\n<meta property=\"article:modified_time\" content=\"2023-06-26T21:10:50+00:00\" \/>\n<meta property=\"og:image\" content=\"https:\/\/eyp.com.ar\/es\/wp-content\/uploads\/2023\/06\/96f4c5f8-768f-4921-91c8-513679be0425.jpg\" \/>\n<meta name=\"twitter:card\" content=\"summary_large_image\" \/>\n<meta name=\"twitter:label1\" content=\"Tiempo de lectura\" \/>\n\t<meta name=\"twitter:data1\" content=\"3 minutos\" \/>\n<script type=\"application\/ld+json\" class=\"yoast-schema-graph\">{\"@context\":\"https:\\\/\\\/schema.org\",\"@graph\":[{\"@type\":\"WebPage\",\"@id\":\"https:\\\/\\\/eyp.com.ar\\\/es\\\/carpa-beduina\\\/\",\"url\":\"https:\\\/\\\/eyp.com.ar\\\/es\\\/carpa-beduina\\\/\",\"name\":\"Carpa beduina - Eventos Paran\u00e1\",\"isPartOf\":{\"@id\":\"https:\\\/\\\/eyp.com.ar\\\/es\\\/#website\"},\"primaryImageOfPage\":{\"@id\":\"https:\\\/\\\/eyp.com.ar\\\/es\\\/carpa-beduina\\\/#primaryimage\"},\"image\":{\"@id\":\"https:\\\/\\\/eyp.com.ar\\\/es\\\/carpa-beduina\\\/#primaryimage\"},\"thumbnailUrl\":\"https:\\\/\\\/eyp.com.ar\\\/es\\\/wp-content\\\/uploads\\\/2023\\\/06\\\/96f4c5f8-768f-4921-91c8-513679be0425.jpg\",\"datePublished\":\"2023-06-26T21:05:50+00:00\",\"dateModified\":\"2023-06-26T21:10:50+00:00\",\"breadcrumb\":{\"@id\":\"https:\\\/\\\/eyp.com.ar\\\/es\\\/carpa-beduina\\\/#breadcrumb\"},\"inLanguage\":\"es\",\"potentialAction\":[{\"@type\":\"ReadAction\",\"target\":[\"https:\\\/\\\/eyp.com.ar\\\/es\\\/carpa-beduina\\\/\"]}]},{\"@type\":\"ImageObject\",\"inLanguage\":\"es\",\"@id\":\"https:\\\/\\\/eyp.com.ar\\\/es\\\/carpa-beduina\\\/#primaryimage\",\"url\":\"https:\\\/\\\/eyp.com.ar\\\/es\\\/wp-content\\\/uploads\\\/2023\\\/06\\\/96f4c5f8-768f-4921-91c8-513679be0425.jpg\",\"contentUrl\":\"https:\\\/\\\/eyp.com.ar\\\/es\\\/wp-content\\\/uploads\\\/2023\\\/06\\\/96f4c5f8-768f-4921-91c8-513679be0425.jpg\"},{\"@type\":\"BreadcrumbList\",\"@id\":\"https:\\\/\\\/eyp.com.ar\\\/es\\\/carpa-beduina\\\/#breadcrumb\",\"itemListElement\":[{\"@type\":\"ListItem\",\"position\":1,\"name\":\"Portada\",\"item\":\"https:\\\/\\\/eyp.com.ar\\\/es\\\/\"},{\"@type\":\"ListItem\",\"position\":2,\"name\":\"Carpa beduina\"}]},{\"@type\":\"WebSite\",\"@id\":\"https:\\\/\\\/eyp.com.ar\\\/es\\\/#website\",\"url\":\"https:\\\/\\\/eyp.com.ar\\\/es\\\/\",\"name\":\"Eventos Paran\u00e1\",\"description\":\"Carpas estructurales en Paran\u00e1\",\"publisher\":{\"@id\":\"https:\\\/\\\/eyp.com.ar\\\/es\\\/#organization\"},\"potentialAction\":[{\"@type\":\"SearchAction\",\"target\":{\"@type\":\"EntryPoint\",\"urlTemplate\":\"https:\\\/\\\/eyp.com.ar\\\/es\\\/?s={search_term_string}\"},\"query-input\":{\"@type\":\"PropertyValueSpecification\",\"valueRequired\":true,\"valueName\":\"search_term_string\"}}],\"inLanguage\":\"es\"},{\"@type\":\"Organization\",\"@id\":\"https:\\\/\\\/eyp.com.ar\\\/es\\\/#organization\",\"name\":\"Eventos Paran\u00e1\",\"url\":\"https:\\\/\\\/eyp.com.ar\\\/es\\\/\",\"logo\":{\"@type\":\"ImageObject\",\"inLanguage\":\"es\",\"@id\":\"https:\\\/\\\/eyp.com.ar\\\/es\\\/#\\\/schema\\\/logo\\\/image\\\/\",\"url\":\"https:\\\/\\\/eyp.com.ar\\\/es\\\/wp-content\\\/uploads\\\/2022\\\/01\\\/Logo-Nuevo-Eventos-Parana-1536x1310-1.png\",\"contentUrl\":\"https:\\\/\\\/eyp.com.ar\\\/es\\\/wp-content\\\/uploads\\\/2022\\\/01\\\/Logo-Nuevo-Eventos-Parana-1536x1310-1.png\",\"width\":1536,\"height\":1310,\"caption\":\"Eventos Paran\u00e1\"},\"image\":{\"@id\":\"https:\\\/\\\/eyp.com.ar\\\/es\\\/#\\\/schema\\\/logo\\\/image\\\/\"}}]}<\/script>\n<!-- \/ Yoast SEO plugin. -->","yoast_head_json":{"title":"Carpa beduina - Eventos Paran\u00e1","robots":{"index":"index","follow":"follow","max-snippet":"max-snippet:-1","max-image-preview":"max-image-preview:large","max-video-preview":"max-video-preview:-1"},"canonical":"https:\/\/eyp.com.ar\/es\/carpa-beduina\/","og_locale":"es_ES","og_type":"article","og_title":"Carpa beduina - Eventos Paran\u00e1","og_description":"CARPAS BEDUINA Est\u00e1 compuesta por una lona el\u00e1stica Las medidas disponibles son de 10&#215;7, 3,5&#215;4,5 y 2,7&#215;1,9 metros con una altura en el centro de&hellip;","og_url":"https:\/\/eyp.com.ar\/es\/carpa-beduina\/","og_site_name":"Eventos Paran\u00e1","article_modified_time":"2023-06-26T21:10:50+00:00","og_image":[{"url":"https:\/\/eyp.com.ar\/es\/wp-content\/uploads\/2023\/06\/96f4c5f8-768f-4921-91c8-513679be0425.jpg","type":"","width":"","height":""}],"twitter_card":"summary_large_image","twitter_misc":{"Tiempo de lectura":"3 minutos"},"schema":{"@context":"https:\/\/schema.org","@graph":[{"@type":"WebPage","@id":"https:\/\/eyp.com.ar\/es\/carpa-beduina\/","url":"https:\/\/eyp.com.ar\/es\/carpa-beduina\/","name":"Carpa beduina - Eventos Paran\u00e1","isPartOf":{"@id":"https:\/\/eyp.com.ar\/es\/#website"},"primaryImageOfPage":{"@id":"https:\/\/eyp.com.ar\/es\/carpa-beduina\/#primaryimage"},"image":{"@id":"https:\/\/eyp.com.ar\/es\/carpa-beduina\/#primaryimage"},"thumbnailUrl":"https:\/\/eyp.com.ar\/es\/wp-content\/uploads\/2023\/06\/96f4c5f8-768f-4921-91c8-513679be0425.jpg","datePublished":"2023-06-26T21:05:50+00:00","dateModified":"2023-06-26T21:10:50+00:00","breadcrumb":{"@id":"https:\/\/eyp.com.ar\/es\/carpa-beduina\/#breadcrumb"},"inLanguage":"es","potentialAction":[{"@type":"ReadAction","target":["https:\/\/eyp.com.ar\/es\/carpa-beduina\/"]}]},{"@type":"ImageObject","inLanguage":"es","@id":"https:\/\/eyp.com.ar\/es\/carpa-beduina\/#primaryimage","url":"https:\/\/eyp.com.ar\/es\/wp-content\/uploads\/2023\/06\/96f4c5f8-768f-4921-91c8-513679be0425.jpg","contentUrl":"https:\/\/eyp.com.ar\/es\/wp-content\/uploads\/2023\/06\/96f4c5f8-768f-4921-91c8-513679be0425.jpg"},{"@type":"BreadcrumbList","@id":"https:\/\/eyp.com.ar\/es\/carpa-beduina\/#breadcrumb","itemListElement":[{"@type":"ListItem","position":1,"name":"Portada","item":"https:\/\/eyp.com.ar\/es\/"},{"@type":"ListItem","position":2,"name":"Carpa beduina"}]},{"@type":"WebSite","@id":"https:\/\/eyp.com.ar\/es\/#website","url":"https:\/\/eyp.com.ar\/es\/","name":"Eventos Paran\u00e1","description":"Carpas estructurales en Paran\u00e1","publisher":{"@id":"https:\/\/eyp.com.ar\/es\/#organization"},"potentialAction":[{"@type":"SearchAction","target":{"@type":"EntryPoint","urlTemplate":"https:\/\/eyp.com.ar\/es\/?s={search_term_string}"},"query-input":{"@type":"PropertyValueSpecification","valueRequired":true,"valueName":"search_term_string"}}],"inLanguage":"es"},{"@type":"Organization","@id":"https:\/\/eyp.com.ar\/es\/#organization","name":"Eventos Paran\u00e1","url":"https:\/\/eyp.com.ar\/es\/","logo":{"@type":"ImageObject","inLanguage":"es","@id":"https:\/\/eyp.com.ar\/es\/#\/schema\/logo\/image\/","url":"https:\/\/eyp.com.ar\/es\/wp-content\/uploads\/2022\/01\/Logo-Nuevo-Eventos-Parana-1536x1310-1.png","contentUrl":"https:\/\/eyp.com.ar\/es\/wp-content\/uploads\/2022\/01\/Logo-Nuevo-Eventos-Parana-1536x1310-1.png","width":1536,"height":1310,"caption":"Eventos Paran\u00e1"},"image":{"@id":"https:\/\/eyp.com.ar\/es\/#\/schema\/logo\/image\/"}}]}},"_links":{"self":[{"href":"https:\/\/eyp.com.ar\/es\/wp-json\/wp\/v2\/pages\/2788","targetHints":{"allow":["GET"]}}],"collection":[{"href":"https:\/\/eyp.com.ar\/es\/wp-json\/wp\/v2\/pages"}],"about":[{"href":"https:\/\/eyp.com.ar\/es\/wp-json\/wp\/v2\/types\/page"}],"author":[{"embeddable":true,"href":"https:\/\/eyp.com.ar\/es\/wp-json\/wp\/v2\/users\/1"}],"replies":[{"embeddable":true,"href":"https:\/\/eyp.com.ar\/es\/wp-json\/wp\/v2\/comments?post=2788"}],"version-history":[{"count":6,"href":"https:\/\/eyp.com.ar\/es\/wp-json\/wp\/v2\/pages\/2788\/revisions"}],"predecessor-version":[{"id":2796,"href":"https:\/\/eyp.com.ar\/es\/wp-json\/wp\/v2\/pages\/2788\/revisions\/2796"}],"wp:attachment":[{"href":"https:\/\/eyp.com.ar\/es\/wp-json\/wp\/v2\/media?parent=2788"}],"curies":[{"name":"wp","href":"https:\/\/api.w.org\/{rel}","templated":true}]}}