{"id":342,"date":"2022-02-01T19:13:28","date_gmt":"2022-02-01T22:13:28","guid":{"rendered":"https:\/\/eyp.com.ar\/es\/?page_id=342"},"modified":"2023-08-14T18:19:06","modified_gmt":"2023-08-14T21:19:06","slug":"pisos-modulares","status":"publish","type":"page","link":"https:\/\/eyp.com.ar\/es\/pisos-modulares\/","title":{"rendered":"PISOS MODULARES"},"content":{"rendered":"\t\t<div data-elementor-type=\"wp-page\" data-elementor-id=\"342\" class=\"elementor elementor-342\">\n\t\t\t\t\t\t<section class=\"elementor-section elementor-top-section elementor-element elementor-element-fadeb9a elementor-section-boxed elementor-section-height-default elementor-section-height-default\" data-id=\"fadeb9a\" data-element_type=\"section\" data-e-type=\"section\">\n\t\t\t\t\t\t<div class=\"elementor-container elementor-column-gap-default\">\n\t\t\t\t\t<div class=\"elementor-column elementor-col-100 elementor-top-column elementor-element elementor-element-54a0128\" data-id=\"54a0128\" data-element_type=\"column\" data-e-type=\"column\">\n\t\t\t<div class=\"elementor-widget-wrap elementor-element-populated\">\n\t\t\t\t\t\t<div class=\"elementor-element elementor-element-5f95bcb elementor-widget elementor-widget-spacer\" data-id=\"5f95bcb\" data-element_type=\"widget\" data-e-type=\"widget\" data-widget_type=\"spacer.default\">\n\t\t\t\t<div class=\"elementor-widget-container\">\n\t\t\t\t\t\t\t<div class=\"elementor-spacer\">\n\t\t\t<div class=\"elementor-spacer-inner\"><\/div>\n\t\t<\/div>\n\t\t\t\t\t\t<\/div>\n\t\t\t\t<\/div>\n\t\t\t\t\t<\/div>\n\t\t<\/div>\n\t\t\t\t\t<\/div>\n\t\t<\/section>\n\t\t\t\t<section class=\"elementor-section elementor-top-section elementor-element elementor-element-eba190f elementor-section-boxed elementor-section-height-default elementor-section-height-default\" data-id=\"eba190f\" data-element_type=\"section\" data-e-type=\"section\">\n\t\t\t\t\t\t<div class=\"elementor-container elementor-column-gap-default\">\n\t\t\t\t\t<div class=\"elementor-column elementor-col-100 elementor-top-column elementor-element elementor-element-f6c79d9\" data-id=\"f6c79d9\" data-element_type=\"column\" data-e-type=\"column\">\n\t\t\t<div class=\"elementor-widget-wrap elementor-element-populated\">\n\t\t\t\t\t\t<div class=\"elementor-element elementor-element-f032e50 eael-dual-header-content-align-center elementor-widget elementor-widget-eael-dual-color-header\" data-id=\"f032e50\" data-element_type=\"widget\" data-e-type=\"widget\" data-widget_type=\"eael-dual-color-header.default\">\n\t\t\t\t<div class=\"elementor-widget-container\">\n\t\t\t\t\t\t\t\t<div class=\"eael-dual-header\">\n\t\t\t\t<h2 class=\"title eael-dch-title\"><span class=\"eael-dch-title-text eael-dch-title-lead lead solid-color\">PISOS<\/span> <span class=\"eael-dch-title-text\">MODULARES<\/span><\/h2>\t\t\t\t\t<span class=\"subtext\"><p style=\"text-align: center\">Dentro de la Empresa, \u00e9ste es el \u00e1rea espec\u00edfica que se encarga a todo lo referido a los eventos, brindando a nuestros clientes, no solo el servicio de alquiler de carpas estructurales y ba\u00f1os qu\u00edmicos, sino todos los accesorios a los mismos, como ser las vallas, escenarios, alfombras, mobiliario, y todo equipamiento que el cliente requiera para que su evento no falle.<\/p><\/span>\n\t\t\t\t\t\t\t<\/div>\n\n\t\t\t\t\t\t<\/div>\n\t\t\t\t<\/div>\n\t\t\t\t<div class=\"elementor-element elementor-element-eddcf30 eael-dual-header-content-align-center elementor-widget elementor-widget-eael-dual-color-header\" data-id=\"eddcf30\" data-element_type=\"widget\" data-e-type=\"widget\" data-widget_type=\"eael-dual-color-header.default\">\n\t\t\t\t<div class=\"elementor-widget-container\">\n\t\t\t\t\t\t\t\t<div class=\"eael-dual-header\">\n\t\t\t\t<h2 class=\"title eael-dch-title\"><span class=\"eael-dch-title-text eael-dch-title-lead lead solid-color\"><\/span> <span class=\"eael-dch-title-text\"><\/span><\/h2>\t\t\t\t\t<span class=\"subtext\"><p><span style=\"font-family: georgia, palatino, serif;font-size: 12pt\">Contamos con vallas para poder delimitar las \u00e1reas de tus eventos, y aumentar la seguridad del mismo. <\/span><span style=\"font-family: georgia, palatino, serif;font-size: 12pt\">Ofrecemos distintos tipos de vallas con distintas dimensiones cada una, desde vallas de 2\u00d71,50, 3\u00d72, 2\u00d70, 80 metros con Malla Sima hasta vallas de 3\u00d71,30 metros con barrales.<\/span><\/p><\/span>\n\t\t\t\t\t\t\t<\/div>\n\n\t\t\t\t\t\t<\/div>\n\t\t\t\t<\/div>\n\t\t\t\t\t<\/div>\n\t\t<\/div>\n\t\t\t\t\t<\/div>\n\t\t<\/section>\n\t\t\t\t<section class=\"elementor-section elementor-top-section elementor-element elementor-element-3ead459 elementor-section-boxed elementor-section-height-default elementor-section-height-default\" data-id=\"3ead459\" data-element_type=\"section\" data-e-type=\"section\">\n\t\t\t\t\t\t<div class=\"elementor-container elementor-column-gap-default\">\n\t\t\t\t\t<div class=\"elementor-column elementor-col-100 elementor-top-column elementor-element elementor-element-38b8089\" data-id=\"38b8089\" data-element_type=\"column\" data-e-type=\"column\">\n\t\t\t<div class=\"elementor-widget-wrap elementor-element-populated\">\n\t\t\t\t\t\t<div class=\"elementor-element elementor-element-897bd25 elementor-widget elementor-widget-heading\" data-id=\"897bd25\" data-element_type=\"widget\" data-e-type=\"widget\" data-widget_type=\"heading.default\">\n\t\t\t\t<div class=\"elementor-widget-container\">\n\t\t\t\t\t<h2 class=\"elementor-heading-title elementor-size-large\">PISOS MODULARES PARA INTERIOR DE CARPAS Y PISTA DE BAILE<\/h2>\t\t\t\t<\/div>\n\t\t\t\t<\/div>\n\t\t\t\t\t<\/div>\n\t\t<\/div>\n\t\t\t\t\t<\/div>\n\t\t<\/section>\n\t\t\t\t<section class=\"elementor-section elementor-top-section elementor-element elementor-element-8da97e8 elementor-section-boxed elementor-section-height-default elementor-section-height-default\" data-id=\"8da97e8\" data-element_type=\"section\" data-e-type=\"section\">\n\t\t\t\t\t\t<div class=\"elementor-container elementor-column-gap-default\">\n\t\t\t\t\t<div class=\"elementor-column elementor-col-50 elementor-top-column elementor-element elementor-element-ea36bd1\" data-id=\"ea36bd1\" data-element_type=\"column\" data-e-type=\"column\">\n\t\t\t<div class=\"elementor-widget-wrap elementor-element-populated\">\n\t\t\t\t\t\t<div class=\"elementor-element elementor-element-8a712ac elementor-widget elementor-widget-image\" data-id=\"8a712ac\" data-element_type=\"widget\" data-e-type=\"widget\" data-widget_type=\"image.default\">\n\t\t\t\t<div class=\"elementor-widget-container\">\n\t\t\t\t\t\t\t\t\t\t\t\t\t\t\t\t<a href=\"https:\/\/eyp.com.ar\/es\/wp-content\/uploads\/2022\/02\/fc4f9619-fa05-4c2b-8414-eac6c9dec402.jpg\" data-elementor-open-lightbox=\"yes\" data-e-action-hash=\"#elementor-action%3Aaction%3Dlightbox%26settings%3DeyJpZCI6NTIyLCJ1cmwiOiJodHRwczpcL1wvZXlwLmNvbS5hclwvZXNcL3dwLWNvbnRlbnRcL3VwbG9hZHNcLzIwMjJcLzAyXC9mYzRmOTYxOS1mYTA1LTRjMmItODQxNC1lYWM2YzlkZWM0MDIuanBnIn0%3D\">\n\t\t\t\t\t\t\t<img fetchpriority=\"high\" decoding=\"async\" width=\"640\" height=\"480\" src=\"https:\/\/eyp.com.ar\/es\/wp-content\/uploads\/2022\/02\/fc4f9619-fa05-4c2b-8414-eac6c9dec402-1024x768.jpg\" class=\"attachment-large size-large wp-image-522\" alt=\"\" srcset=\"https:\/\/eyp.com.ar\/es\/wp-content\/uploads\/2022\/02\/fc4f9619-fa05-4c2b-8414-eac6c9dec402-1024x768.jpg 1024w, https:\/\/eyp.com.ar\/es\/wp-content\/uploads\/2022\/02\/fc4f9619-fa05-4c2b-8414-eac6c9dec402-300x225.jpg 300w, https:\/\/eyp.com.ar\/es\/wp-content\/uploads\/2022\/02\/fc4f9619-fa05-4c2b-8414-eac6c9dec402-768x576.jpg 768w, https:\/\/eyp.com.ar\/es\/wp-content\/uploads\/2022\/02\/fc4f9619-fa05-4c2b-8414-eac6c9dec402.jpg 1280w\" sizes=\"(max-width: 640px) 100vw, 640px\" \/>\t\t\t\t\t\t\t\t<\/a>\n\t\t\t\t\t\t\t\t\t\t\t\t\t\t\t<\/div>\n\t\t\t\t<\/div>\n\t\t\t\t\t<\/div>\n\t\t<\/div>\n\t\t\t\t<div class=\"elementor-column elementor-col-50 elementor-top-column elementor-element elementor-element-b7f749a\" data-id=\"b7f749a\" data-element_type=\"column\" data-e-type=\"column\">\n\t\t\t<div class=\"elementor-widget-wrap elementor-element-populated\">\n\t\t\t\t\t\t<div class=\"elementor-element elementor-element-3e928b5 elementor-widget elementor-widget-image\" data-id=\"3e928b5\" data-element_type=\"widget\" data-e-type=\"widget\" data-widget_type=\"image.default\">\n\t\t\t\t<div class=\"elementor-widget-container\">\n\t\t\t\t\t\t\t\t\t\t\t\t\t\t\t\t<a href=\"https:\/\/eyp.com.ar\/es\/wp-content\/uploads\/2022\/02\/97077c55-0494-4f17-a7b7-2496223b9bc1.jpg\" data-elementor-open-lightbox=\"yes\" data-e-action-hash=\"#elementor-action%3Aaction%3Dlightbox%26settings%3DeyJpZCI6NTIwLCJ1cmwiOiJodHRwczpcL1wvZXlwLmNvbS5hclwvZXNcL3dwLWNvbnRlbnRcL3VwbG9hZHNcLzIwMjJcLzAyXC85NzA3N2M1NS0wNDk0LTRmMTctYTdiNy0yNDk2MjIzYjliYzEuanBnIn0%3D\">\n\t\t\t\t\t\t\t<img decoding=\"async\" width=\"640\" height=\"480\" src=\"https:\/\/eyp.com.ar\/es\/wp-content\/uploads\/2022\/02\/97077c55-0494-4f17-a7b7-2496223b9bc1-1024x768.jpg\" class=\"attachment-large size-large wp-image-520\" alt=\"\" srcset=\"https:\/\/eyp.com.ar\/es\/wp-content\/uploads\/2022\/02\/97077c55-0494-4f17-a7b7-2496223b9bc1-1024x768.jpg 1024w, https:\/\/eyp.com.ar\/es\/wp-content\/uploads\/2022\/02\/97077c55-0494-4f17-a7b7-2496223b9bc1-300x225.jpg 300w, https:\/\/eyp.com.ar\/es\/wp-content\/uploads\/2022\/02\/97077c55-0494-4f17-a7b7-2496223b9bc1-768x576.jpg 768w, https:\/\/eyp.com.ar\/es\/wp-content\/uploads\/2022\/02\/97077c55-0494-4f17-a7b7-2496223b9bc1.jpg 1280w\" sizes=\"(max-width: 640px) 100vw, 640px\" \/>\t\t\t\t\t\t\t\t<\/a>\n\t\t\t\t\t\t\t\t\t\t\t\t\t\t\t<\/div>\n\t\t\t\t<\/div>\n\t\t\t\t\t<\/div>\n\t\t<\/div>\n\t\t\t\t\t<\/div>\n\t\t<\/section>\n\t\t\t\t<section class=\"elementor-section elementor-top-section elementor-element elementor-element-25bc5c8 elementor-section-boxed elementor-section-height-default elementor-section-height-default\" data-id=\"25bc5c8\" data-element_type=\"section\" data-e-type=\"section\">\n\t\t\t\t\t\t<div class=\"elementor-container elementor-column-gap-default\">\n\t\t\t\t\t<div class=\"elementor-column elementor-col-50 elementor-top-column elementor-element elementor-element-baa2832\" data-id=\"baa2832\" data-element_type=\"column\" data-e-type=\"column\">\n\t\t\t<div class=\"elementor-widget-wrap elementor-element-populated\">\n\t\t\t\t\t\t<div class=\"elementor-element elementor-element-cca75bf elementor-widget elementor-widget-image\" data-id=\"cca75bf\" data-element_type=\"widget\" data-e-type=\"widget\" data-widget_type=\"image.default\">\n\t\t\t\t<div class=\"elementor-widget-container\">\n\t\t\t\t\t\t\t\t\t\t\t\t\t\t\t\t<a href=\"https:\/\/eyp.com.ar\/es\/wp-content\/uploads\/2022\/02\/01e94818-1a80-45da-8117-ec033a7d912b.jpg\" data-elementor-open-lightbox=\"yes\" data-e-action-hash=\"#elementor-action%3Aaction%3Dlightbox%26settings%3DeyJpZCI6NTE5LCJ1cmwiOiJodHRwczpcL1wvZXlwLmNvbS5hclwvZXNcL3dwLWNvbnRlbnRcL3VwbG9hZHNcLzIwMjJcLzAyXC8wMWU5NDgxOC0xYTgwLTQ1ZGEtODExNy1lYzAzM2E3ZDkxMmIuanBnIn0%3D\">\n\t\t\t\t\t\t\t<img decoding=\"async\" width=\"640\" height=\"480\" src=\"https:\/\/eyp.com.ar\/es\/wp-content\/uploads\/2022\/02\/01e94818-1a80-45da-8117-ec033a7d912b-1024x768.jpg\" class=\"attachment-large size-large wp-image-519\" alt=\"\" srcset=\"https:\/\/eyp.com.ar\/es\/wp-content\/uploads\/2022\/02\/01e94818-1a80-45da-8117-ec033a7d912b-1024x768.jpg 1024w, https:\/\/eyp.com.ar\/es\/wp-content\/uploads\/2022\/02\/01e94818-1a80-45da-8117-ec033a7d912b-300x225.jpg 300w, https:\/\/eyp.com.ar\/es\/wp-content\/uploads\/2022\/02\/01e94818-1a80-45da-8117-ec033a7d912b-768x576.jpg 768w, https:\/\/eyp.com.ar\/es\/wp-content\/uploads\/2022\/02\/01e94818-1a80-45da-8117-ec033a7d912b-1536x1152.jpg 1536w, https:\/\/eyp.com.ar\/es\/wp-content\/uploads\/2022\/02\/01e94818-1a80-45da-8117-ec033a7d912b.jpg 1600w\" sizes=\"(max-width: 640px) 100vw, 640px\" \/>\t\t\t\t\t\t\t\t<\/a>\n\t\t\t\t\t\t\t\t\t\t\t\t\t\t\t<\/div>\n\t\t\t\t<\/div>\n\t\t\t\t\t<\/div>\n\t\t<\/div>\n\t\t\t\t<div class=\"elementor-column elementor-col-50 elementor-top-column elementor-element elementor-element-4f3bcda\" data-id=\"4f3bcda\" data-element_type=\"column\" data-e-type=\"column\">\n\t\t\t<div class=\"elementor-widget-wrap elementor-element-populated\">\n\t\t\t\t\t\t<div class=\"elementor-element elementor-element-779702c elementor-widget elementor-widget-image\" data-id=\"779702c\" data-element_type=\"widget\" data-e-type=\"widget\" data-widget_type=\"image.default\">\n\t\t\t\t<div class=\"elementor-widget-container\">\n\t\t\t\t\t\t\t\t\t\t\t\t\t\t\t\t<a href=\"https:\/\/eyp.com.ar\/es\/wp-content\/uploads\/2022\/02\/d47bccf6-eeb3-49e8-94b4-e73ee02ca1e2.jpg\" data-elementor-open-lightbox=\"yes\" data-e-action-hash=\"#elementor-action%3Aaction%3Dlightbox%26settings%3DeyJpZCI6NTIxLCJ1cmwiOiJodHRwczpcL1wvZXlwLmNvbS5hclwvZXNcL3dwLWNvbnRlbnRcL3VwbG9hZHNcLzIwMjJcLzAyXC9kNDdiY2NmNi1lZWIzLTQ5ZTgtOTRiNC1lNzNlZTAyY2ExZTIuanBnIn0%3D\">\n\t\t\t\t\t\t\t<img loading=\"lazy\" decoding=\"async\" width=\"640\" height=\"480\" src=\"https:\/\/eyp.com.ar\/es\/wp-content\/uploads\/2022\/02\/d47bccf6-eeb3-49e8-94b4-e73ee02ca1e2-1024x768.jpg\" class=\"attachment-large size-large wp-image-521\" alt=\"\" srcset=\"https:\/\/eyp.com.ar\/es\/wp-content\/uploads\/2022\/02\/d47bccf6-eeb3-49e8-94b4-e73ee02ca1e2-1024x768.jpg 1024w, https:\/\/eyp.com.ar\/es\/wp-content\/uploads\/2022\/02\/d47bccf6-eeb3-49e8-94b4-e73ee02ca1e2-300x225.jpg 300w, https:\/\/eyp.com.ar\/es\/wp-content\/uploads\/2022\/02\/d47bccf6-eeb3-49e8-94b4-e73ee02ca1e2-768x576.jpg 768w, https:\/\/eyp.com.ar\/es\/wp-content\/uploads\/2022\/02\/d47bccf6-eeb3-49e8-94b4-e73ee02ca1e2.jpg 1280w\" sizes=\"(max-width: 640px) 100vw, 640px\" \/>\t\t\t\t\t\t\t\t<\/a>\n\t\t\t\t\t\t\t\t\t\t\t\t\t\t\t<\/div>\n\t\t\t\t<\/div>\n\t\t\t\t\t<\/div>\n\t\t<\/div>\n\t\t\t\t\t<\/div>\n\t\t<\/section>\n\t\t\t\t<\/div>\n\t\t","protected":false},"excerpt":{"rendered":"<p>PISOS MODULARES Dentro de la Empresa, \u00e9ste es el \u00e1rea espec\u00edfica que se encarga a todo lo referido a los eventos, brindando a nuestros clientes,&hellip;<\/p>\n","protected":false},"author":1,"featured_media":0,"parent":0,"menu_order":0,"comment_status":"closed","ping_status":"closed","template":"elementor_header_footer","meta":{"_joinchat":[],"footnotes":""},"class_list":["post-342","page","type-page","status-publish","hentry"],"yoast_head":"<!-- This site is optimized with the Yoast SEO plugin v27.4 - https:\/\/yoast.com\/product\/yoast-seo-wordpress\/ -->\n<title>PISOS MODULARES - Eventos Paran\u00e1<\/title>\n<meta name=\"robots\" content=\"index, follow, max-snippet:-1, max-image-preview:large, max-video-preview:-1\" \/>\n<link rel=\"canonical\" href=\"https:\/\/eyp.com.ar\/es\/pisos-modulares\/\" \/>\n<meta property=\"og:locale\" content=\"es_ES\" \/>\n<meta property=\"og:type\" content=\"article\" \/>\n<meta property=\"og:title\" content=\"PISOS MODULARES - Eventos Paran\u00e1\" \/>\n<meta property=\"og:description\" content=\"PISOS MODULARES Dentro de la Empresa, \u00e9ste es el \u00e1rea espec\u00edfica que se encarga a todo lo referido a los eventos, brindando a nuestros clientes,&hellip;\" \/>\n<meta property=\"og:url\" content=\"https:\/\/eyp.com.ar\/es\/pisos-modulares\/\" \/>\n<meta property=\"og:site_name\" content=\"Eventos Paran\u00e1\" \/>\n<meta property=\"article:modified_time\" content=\"2023-08-14T21:19:06+00:00\" \/>\n<meta property=\"og:image\" content=\"https:\/\/eyp.com.ar\/es\/wp-content\/uploads\/2022\/02\/fc4f9619-fa05-4c2b-8414-eac6c9dec402-1024x768.jpg\" \/>\n<meta name=\"twitter:card\" content=\"summary_large_image\" \/>\n<meta name=\"twitter:label1\" content=\"Tiempo de lectura\" \/>\n\t<meta name=\"twitter:data1\" content=\"2 minutos\" \/>\n<script type=\"application\/ld+json\" class=\"yoast-schema-graph\">{\"@context\":\"https:\\\/\\\/schema.org\",\"@graph\":[{\"@type\":\"WebPage\",\"@id\":\"https:\\\/\\\/eyp.com.ar\\\/es\\\/pisos-modulares\\\/\",\"url\":\"https:\\\/\\\/eyp.com.ar\\\/es\\\/pisos-modulares\\\/\",\"name\":\"PISOS MODULARES - Eventos Paran\u00e1\",\"isPartOf\":{\"@id\":\"https:\\\/\\\/eyp.com.ar\\\/es\\\/#website\"},\"primaryImageOfPage\":{\"@id\":\"https:\\\/\\\/eyp.com.ar\\\/es\\\/pisos-modulares\\\/#primaryimage\"},\"image\":{\"@id\":\"https:\\\/\\\/eyp.com.ar\\\/es\\\/pisos-modulares\\\/#primaryimage\"},\"thumbnailUrl\":\"https:\\\/\\\/eyp.com.ar\\\/es\\\/wp-content\\\/uploads\\\/2022\\\/02\\\/fc4f9619-fa05-4c2b-8414-eac6c9dec402-1024x768.jpg\",\"datePublished\":\"2022-02-01T22:13:28+00:00\",\"dateModified\":\"2023-08-14T21:19:06+00:00\",\"breadcrumb\":{\"@id\":\"https:\\\/\\\/eyp.com.ar\\\/es\\\/pisos-modulares\\\/#breadcrumb\"},\"inLanguage\":\"es\",\"potentialAction\":[{\"@type\":\"ReadAction\",\"target\":[\"https:\\\/\\\/eyp.com.ar\\\/es\\\/pisos-modulares\\\/\"]}]},{\"@type\":\"ImageObject\",\"inLanguage\":\"es\",\"@id\":\"https:\\\/\\\/eyp.com.ar\\\/es\\\/pisos-modulares\\\/#primaryimage\",\"url\":\"https:\\\/\\\/eyp.com.ar\\\/es\\\/wp-content\\\/uploads\\\/2022\\\/02\\\/fc4f9619-fa05-4c2b-8414-eac6c9dec402.jpg\",\"contentUrl\":\"https:\\\/\\\/eyp.com.ar\\\/es\\\/wp-content\\\/uploads\\\/2022\\\/02\\\/fc4f9619-fa05-4c2b-8414-eac6c9dec402.jpg\",\"width\":1280,\"height\":960},{\"@type\":\"BreadcrumbList\",\"@id\":\"https:\\\/\\\/eyp.com.ar\\\/es\\\/pisos-modulares\\\/#breadcrumb\",\"itemListElement\":[{\"@type\":\"ListItem\",\"position\":1,\"name\":\"Portada\",\"item\":\"https:\\\/\\\/eyp.com.ar\\\/es\\\/\"},{\"@type\":\"ListItem\",\"position\":2,\"name\":\"PISOS MODULARES\"}]},{\"@type\":\"WebSite\",\"@id\":\"https:\\\/\\\/eyp.com.ar\\\/es\\\/#website\",\"url\":\"https:\\\/\\\/eyp.com.ar\\\/es\\\/\",\"name\":\"Eventos Paran\u00e1\",\"description\":\"Carpas estructurales en Paran\u00e1\",\"publisher\":{\"@id\":\"https:\\\/\\\/eyp.com.ar\\\/es\\\/#organization\"},\"potentialAction\":[{\"@type\":\"SearchAction\",\"target\":{\"@type\":\"EntryPoint\",\"urlTemplate\":\"https:\\\/\\\/eyp.com.ar\\\/es\\\/?s={search_term_string}\"},\"query-input\":{\"@type\":\"PropertyValueSpecification\",\"valueRequired\":true,\"valueName\":\"search_term_string\"}}],\"inLanguage\":\"es\"},{\"@type\":\"Organization\",\"@id\":\"https:\\\/\\\/eyp.com.ar\\\/es\\\/#organization\",\"name\":\"Eventos Paran\u00e1\",\"url\":\"https:\\\/\\\/eyp.com.ar\\\/es\\\/\",\"logo\":{\"@type\":\"ImageObject\",\"inLanguage\":\"es\",\"@id\":\"https:\\\/\\\/eyp.com.ar\\\/es\\\/#\\\/schema\\\/logo\\\/image\\\/\",\"url\":\"https:\\\/\\\/eyp.com.ar\\\/es\\\/wp-content\\\/uploads\\\/2022\\\/01\\\/Logo-Nuevo-Eventos-Parana-1536x1310-1.png\",\"contentUrl\":\"https:\\\/\\\/eyp.com.ar\\\/es\\\/wp-content\\\/uploads\\\/2022\\\/01\\\/Logo-Nuevo-Eventos-Parana-1536x1310-1.png\",\"width\":1536,\"height\":1310,\"caption\":\"Eventos Paran\u00e1\"},\"image\":{\"@id\":\"https:\\\/\\\/eyp.com.ar\\\/es\\\/#\\\/schema\\\/logo\\\/image\\\/\"}}]}<\/script>\n<!-- \/ Yoast SEO plugin. -->","yoast_head_json":{"title":"PISOS MODULARES - Eventos Paran\u00e1","robots":{"index":"index","follow":"follow","max-snippet":"max-snippet:-1","max-image-preview":"max-image-preview:large","max-video-preview":"max-video-preview:-1"},"canonical":"https:\/\/eyp.com.ar\/es\/pisos-modulares\/","og_locale":"es_ES","og_type":"article","og_title":"PISOS MODULARES - Eventos Paran\u00e1","og_description":"PISOS MODULARES Dentro de la Empresa, \u00e9ste es el \u00e1rea espec\u00edfica que se encarga a todo lo referido a los eventos, brindando a nuestros clientes,&hellip;","og_url":"https:\/\/eyp.com.ar\/es\/pisos-modulares\/","og_site_name":"Eventos Paran\u00e1","article_modified_time":"2023-08-14T21:19:06+00:00","og_image":[{"url":"https:\/\/eyp.com.ar\/es\/wp-content\/uploads\/2022\/02\/fc4f9619-fa05-4c2b-8414-eac6c9dec402-1024x768.jpg","type":"","width":"","height":""}],"twitter_card":"summary_large_image","twitter_misc":{"Tiempo de lectura":"2 minutos"},"schema":{"@context":"https:\/\/schema.org","@graph":[{"@type":"WebPage","@id":"https:\/\/eyp.com.ar\/es\/pisos-modulares\/","url":"https:\/\/eyp.com.ar\/es\/pisos-modulares\/","name":"PISOS MODULARES - Eventos Paran\u00e1","isPartOf":{"@id":"https:\/\/eyp.com.ar\/es\/#website"},"primaryImageOfPage":{"@id":"https:\/\/eyp.com.ar\/es\/pisos-modulares\/#primaryimage"},"image":{"@id":"https:\/\/eyp.com.ar\/es\/pisos-modulares\/#primaryimage"},"thumbnailUrl":"https:\/\/eyp.com.ar\/es\/wp-content\/uploads\/2022\/02\/fc4f9619-fa05-4c2b-8414-eac6c9dec402-1024x768.jpg","datePublished":"2022-02-01T22:13:28+00:00","dateModified":"2023-08-14T21:19:06+00:00","breadcrumb":{"@id":"https:\/\/eyp.com.ar\/es\/pisos-modulares\/#breadcrumb"},"inLanguage":"es","potentialAction":[{"@type":"ReadAction","target":["https:\/\/eyp.com.ar\/es\/pisos-modulares\/"]}]},{"@type":"ImageObject","inLanguage":"es","@id":"https:\/\/eyp.com.ar\/es\/pisos-modulares\/#primaryimage","url":"https:\/\/eyp.com.ar\/es\/wp-content\/uploads\/2022\/02\/fc4f9619-fa05-4c2b-8414-eac6c9dec402.jpg","contentUrl":"https:\/\/eyp.com.ar\/es\/wp-content\/uploads\/2022\/02\/fc4f9619-fa05-4c2b-8414-eac6c9dec402.jpg","width":1280,"height":960},{"@type":"BreadcrumbList","@id":"https:\/\/eyp.com.ar\/es\/pisos-modulares\/#breadcrumb","itemListElement":[{"@type":"ListItem","position":1,"name":"Portada","item":"https:\/\/eyp.com.ar\/es\/"},{"@type":"ListItem","position":2,"name":"PISOS MODULARES"}]},{"@type":"WebSite","@id":"https:\/\/eyp.com.ar\/es\/#website","url":"https:\/\/eyp.com.ar\/es\/","name":"Eventos Paran\u00e1","description":"Carpas estructurales en Paran\u00e1","publisher":{"@id":"https:\/\/eyp.com.ar\/es\/#organization"},"potentialAction":[{"@type":"SearchAction","target":{"@type":"EntryPoint","urlTemplate":"https:\/\/eyp.com.ar\/es\/?s={search_term_string}"},"query-input":{"@type":"PropertyValueSpecification","valueRequired":true,"valueName":"search_term_string"}}],"inLanguage":"es"},{"@type":"Organization","@id":"https:\/\/eyp.com.ar\/es\/#organization","name":"Eventos Paran\u00e1","url":"https:\/\/eyp.com.ar\/es\/","logo":{"@type":"ImageObject","inLanguage":"es","@id":"https:\/\/eyp.com.ar\/es\/#\/schema\/logo\/image\/","url":"https:\/\/eyp.com.ar\/es\/wp-content\/uploads\/2022\/01\/Logo-Nuevo-Eventos-Parana-1536x1310-1.png","contentUrl":"https:\/\/eyp.com.ar\/es\/wp-content\/uploads\/2022\/01\/Logo-Nuevo-Eventos-Parana-1536x1310-1.png","width":1536,"height":1310,"caption":"Eventos Paran\u00e1"},"image":{"@id":"https:\/\/eyp.com.ar\/es\/#\/schema\/logo\/image\/"}}]}},"_links":{"self":[{"href":"https:\/\/eyp.com.ar\/es\/wp-json\/wp\/v2\/pages\/342","targetHints":{"allow":["GET"]}}],"collection":[{"href":"https:\/\/eyp.com.ar\/es\/wp-json\/wp\/v2\/pages"}],"about":[{"href":"https:\/\/eyp.com.ar\/es\/wp-json\/wp\/v2\/types\/page"}],"author":[{"embeddable":true,"href":"https:\/\/eyp.com.ar\/es\/wp-json\/wp\/v2\/users\/1"}],"replies":[{"embeddable":true,"href":"https:\/\/eyp.com.ar\/es\/wp-json\/wp\/v2\/comments?post=342"}],"version-history":[{"count":193,"href":"https:\/\/eyp.com.ar\/es\/wp-json\/wp\/v2\/pages\/342\/revisions"}],"predecessor-version":[{"id":2873,"href":"https:\/\/eyp.com.ar\/es\/wp-json\/wp\/v2\/pages\/342\/revisions\/2873"}],"wp:attachment":[{"href":"https:\/\/eyp.com.ar\/es\/wp-json\/wp\/v2\/media?parent=342"}],"curies":[{"name":"wp","href":"https:\/\/api.w.org\/{rel}","templated":true}]}}